{"id":5694,"date":"2020-12-21T19:41:49","date_gmt":"2020-12-22T02:41:49","guid":{"rendered":"https:\/\/yukonbackcountryskiing.com\/?post_type=product&#038;p=5694"},"modified":"2023-05-24T13:55:39","modified_gmt":"2023-05-24T20:55:39","slug":"les-dangers-de-la-montagne-session-du-28-decembre-2020-a-17h30","status":"publish","type":"product","link":"https:\/\/yukonbackcountryskiing.com\/fr\/produit\/les-dangers-de-la-montagne-session-du-28-decembre-2020-a-17h30\/","title":{"rendered":"Les dangers de la montagne :  session en francais du 28 D\u00e9cembre 2020 \u00e0 17H30"},"content":{"rendered":"<h1 style=\"text-align: center\" align=\"JUSTIFY\"><strong>Les dangers de la montagne<\/strong><\/h1>\n<p><a href=\"https:\/\/yukonbackcountryskiing.com\/fr\/?attachment_id=5672\" rel=\"attachment wp-att-5672\"><img decoding=\"async\" class=\"wp-image-5672 aligncenter\" src=\"https:\/\/yukonbackcountryskiing.com\/wp-content\/uploads\/2020\/12\/Dangers-montagnes.gif\" alt=\"\" width=\"297\" height=\"213\" \/><\/a><\/p>\n<p align=\"JUSTIFY\"><strong><span style=\"font-family: Geneva, sans-serif\">La montagne est un merveilleux endroit pratiquer de nombreuses activit\u00e9s et pour profiter de la nature sauvage. Que ce soit autour de Whitehorse ou jusqu\u2019au plus haut sommet du Yukon. Les montagnes recouvrent la majeure partie du Yukon. Les montagnes sont aussi un environnement particulier, sp\u00e9cialement ici dans le Nord. La connaissance est la premi\u00e8re \u00e9tape et s\u00fbrement la plus importante pour profiter de la montagne en s\u00e9curit\u00e9.<\/span><\/strong><\/p>\n<p align=\"JUSTIFY\"><strong><span style=\"font-family: Geneva, sans-serif\">Cette pr\u00e9sentation <\/span><span style=\"font-family: Geneva, sans-serif\">EN FRANCAIS<\/span><span style=\"font-family: Geneva, sans-serif\"> de 2heures 30 vous fera conna\u00eetre les dangers et les pi\u00e8ges \u00e0 \u00e9viter lors de vos aventures hivernales ou estivales. <\/span><\/strong><\/p>\n<p align=\"JUSTIFY\"><strong><span style=\"font-family: Geneva, sans-serif\">Savoir identifier les dangers, \u00e9viter les pi\u00e8ges et reconna\u00eetre les signes.<\/span><\/strong><\/p>\n<p align=\"JUSTIFY\"><strong><span style=\"font-family: Geneva, sans-serif\">Des exemples locaux, retour d\u2019exp\u00e9rience, descriptions et analyses d\u2019accidents.<\/span><\/strong><\/p>\n<p align=\"JUSTIFY\"><strong><span style=\"font-family: Geneva, sans-serif\">Cette pr\u00e9sentation est orient\u00e9e sur l\u2019environnement du Yukon avec de nombreuses photos et vid\u00e9os.<\/span><\/strong><\/p>\n<p align=\"JUSTIFY\"><strong><span style=\"font-family: Geneva, sans-serif\">\u00c0 l\u2019issue de cette pr\u00e9sentation, vous n\u2019aurez plus le m\u00eame regard sur l\u2019environnement montagneux du Yukon et serez plus efficace dans l\u2019identification des dangers et l&rsquo;\u00e9valuation des risques.<\/span><\/strong><\/p>\n<p align=\"JUSTIFY\"><strong>Prochaine session le 28 D\u00e9cembre \u00e0 17H30<\/strong><\/p>\n<p align=\"JUSTIFY\"><strong>Prix: 40 Dollars<\/strong><\/p>\n<p align=\"JUSTIFY\"><strong>Dur\u00e9e: 3 heures<\/strong><\/p>\n<p align=\"JUSTIFY\"><strong>\u00c0 Whitehorse:<\/strong><\/p>\n<p align=\"JUSTIFY\"><strong>3089 3\u00e8me avenue au Rez de chauss\u00e9e \u00e0 droite en entrant.<\/strong><\/p>\n","protected":false},"excerpt":{"rendered":"<p>pr\u00e9sentation de 2 heures 30 sur les dangers de la montagne. Session du 28 D\u00e9cembre 2020 \u00e0 17h30.<\/p>\n","protected":false},"featured_media":0,"comment_status":"open","ping_status":"closed","template":"","meta":[],"product_brand":[],"product_cat":[45],"product_tag":[],"class_list":{"0":"post-5694","1":"product","2":"type-product","3":"status-publish","5":"product_cat-non-classifiee","6":"description-off","8":"first","9":"outofstock","10":"virtual","11":"purchasable","12":"product-type-simple"},"yoast_head":"<!-- This site is optimized with the Yoast SEO plugin v24.5 - https:\/\/yoast.com\/wordpress\/plugins\/seo\/ -->\n<title>Les dangers de la montagne : session en francais du 28 D\u00e9cembre 2020 \u00e0 17H30 &#8211; Yukon Backcountry Skiing<\/title>\n<meta name=\"robots\" content=\"index, follow, max-snippet:-1, max-image-preview:large, max-video-preview:-1\" \/>\n<link rel=\"canonical\" href=\"https:\/\/yukonbackcountryskiing.com\/fr\/produit\/les-dangers-de-la-montagne-session-du-28-decembre-2020-a-17h30\/\" \/>\n<meta property=\"og:locale\" content=\"fr_FR\" \/>\n<meta property=\"og:type\" content=\"article\" \/>\n<meta property=\"og:title\" content=\"Les dangers de la montagne : session en francais du 28 D\u00e9cembre 2020 \u00e0 17H30 &#8211; Yukon Backcountry Skiing\" \/>\n<meta property=\"og:description\" content=\"pr\u00e9sentation de 2 heures 30 sur les dangers de la montagne. Session du 28 D\u00e9cembre 2020 \u00e0 17h30.\" \/>\n<meta property=\"og:url\" content=\"https:\/\/yukonbackcountryskiing.com\/fr\/produit\/les-dangers-de-la-montagne-session-du-28-decembre-2020-a-17h30\/\" \/>\n<meta property=\"og:site_name\" content=\"Yukon Backcountry Skiing\" \/>\n<meta property=\"article:publisher\" content=\"https:\/\/www.facebook.com\/yukonbackountryskiing.net\/\" \/>\n<meta property=\"article:modified_time\" content=\"2023-05-24T20:55:39+00:00\" \/>\n<meta property=\"og:image\" content=\"https:\/\/yukonbackcountryskiing.com\/wp-content\/uploads\/2020\/12\/Dangers-montagnes.gif\" \/>\n<meta name=\"twitter:card\" content=\"summary_large_image\" \/>\n<meta name=\"twitter:label1\" content=\"Dur\u00e9e de lecture estim\u00e9e\" \/>\n\t<meta name=\"twitter:data1\" content=\"1 minute\" \/>\n<script type=\"application\/ld+json\" class=\"yoast-schema-graph\">{\"@context\":\"https:\/\/schema.org\",\"@graph\":[{\"@type\":\"WebPage\",\"@id\":\"https:\/\/yukonbackcountryskiing.com\/fr\/produit\/les-dangers-de-la-montagne-session-du-28-decembre-2020-a-17h30\/\",\"url\":\"https:\/\/yukonbackcountryskiing.com\/fr\/produit\/les-dangers-de-la-montagne-session-du-28-decembre-2020-a-17h30\/\",\"name\":\"Les dangers de la montagne : session en francais du 28 D\u00e9cembre 2020 \u00e0 17H30 &#8211; Yukon Backcountry Skiing\",\"isPartOf\":{\"@id\":\"https:\/\/yukonbackcountryskiing.com\/#website\"},\"primaryImageOfPage\":{\"@id\":\"https:\/\/yukonbackcountryskiing.com\/fr\/produit\/les-dangers-de-la-montagne-session-du-28-decembre-2020-a-17h30\/#primaryimage\"},\"image\":{\"@id\":\"https:\/\/yukonbackcountryskiing.com\/fr\/produit\/les-dangers-de-la-montagne-session-du-28-decembre-2020-a-17h30\/#primaryimage\"},\"thumbnailUrl\":\"https:\/\/yukonbackcountryskiing.com\/wp-content\/uploads\/2020\/12\/Dangers-montagnes.gif\",\"datePublished\":\"2020-12-22T02:41:49+00:00\",\"dateModified\":\"2023-05-24T20:55:39+00:00\",\"breadcrumb\":{\"@id\":\"https:\/\/yukonbackcountryskiing.com\/fr\/produit\/les-dangers-de-la-montagne-session-du-28-decembre-2020-a-17h30\/#breadcrumb\"},\"inLanguage\":\"fr-FR\",\"potentialAction\":[{\"@type\":\"ReadAction\",\"target\":[\"https:\/\/yukonbackcountryskiing.com\/fr\/produit\/les-dangers-de-la-montagne-session-du-28-decembre-2020-a-17h30\/\"]}]},{\"@type\":\"ImageObject\",\"inLanguage\":\"fr-FR\",\"@id\":\"https:\/\/yukonbackcountryskiing.com\/fr\/produit\/les-dangers-de-la-montagne-session-du-28-decembre-2020-a-17h30\/#primaryimage\",\"url\":\"https:\/\/yukonbackcountryskiing.com\/wp-content\/uploads\/2020\/12\/Dangers-montagnes.gif\",\"contentUrl\":\"https:\/\/yukonbackcountryskiing.com\/wp-content\/uploads\/2020\/12\/Dangers-montagnes.gif\"},{\"@type\":\"BreadcrumbList\",\"@id\":\"https:\/\/yukonbackcountryskiing.com\/fr\/produit\/les-dangers-de-la-montagne-session-du-28-decembre-2020-a-17h30\/#breadcrumb\",\"itemListElement\":[{\"@type\":\"ListItem\",\"position\":1,\"name\":\"Home\",\"item\":\"https:\/\/yukonbackcountryskiing.com\/fr\/\"},{\"@type\":\"ListItem\",\"position\":2,\"name\":\"Boutique\",\"item\":\"https:\/\/yukonbackcountryskiing.com\/fr\/boutique\/\"},{\"@type\":\"ListItem\",\"position\":3,\"name\":\"Les dangers de la montagne : session en francais du 28 D\u00e9cembre 2020 \u00e0 17H30\"}]},{\"@type\":\"WebSite\",\"@id\":\"https:\/\/yukonbackcountryskiing.com\/#website\",\"url\":\"https:\/\/yukonbackcountryskiing.com\/\",\"name\":\"Yukon Backcountry Skiing\",\"description\":\"\",\"publisher\":{\"@id\":\"https:\/\/yukonbackcountryskiing.com\/#organization\"},\"potentialAction\":[{\"@type\":\"SearchAction\",\"target\":{\"@type\":\"EntryPoint\",\"urlTemplate\":\"https:\/\/yukonbackcountryskiing.com\/?s={search_term_string}\"},\"query-input\":{\"@type\":\"PropertyValueSpecification\",\"valueRequired\":true,\"valueName\":\"search_term_string\"}}],\"inLanguage\":\"fr-FR\"},{\"@type\":\"Organization\",\"@id\":\"https:\/\/yukonbackcountryskiing.com\/#organization\",\"name\":\"Yukon Backcountry Skiing\",\"url\":\"https:\/\/yukonbackcountryskiing.com\/\",\"logo\":{\"@type\":\"ImageObject\",\"inLanguage\":\"fr-FR\",\"@id\":\"https:\/\/yukonbackcountryskiing.com\/#\/schema\/logo\/image\/\",\"url\":\"https:\/\/yukonbackcountryskiing.com\/wp-content\/uploads\/2018\/09\/YBS_Logo_HD.png\",\"contentUrl\":\"https:\/\/yukonbackcountryskiing.com\/wp-content\/uploads\/2018\/09\/YBS_Logo_HD.png\",\"width\":1047,\"height\":596,\"caption\":\"Yukon Backcountry Skiing\"},\"image\":{\"@id\":\"https:\/\/yukonbackcountryskiing.com\/#\/schema\/logo\/image\/\"},\"sameAs\":[\"https:\/\/www.facebook.com\/yukonbackountryskiing.net\/\",\"https:\/\/www.instagram.com\/yukonbackcountryskiing\/\",\"https:\/\/www.youtube.com\/channel\/UCAqyCMCadso5X1jKC8jvT5w\"]}]}<\/script>\n<!-- \/ Yoast SEO plugin. -->","yoast_head_json":{"title":"Les dangers de la montagne : session en francais du 28 D\u00e9cembre 2020 \u00e0 17H30 &#8211; Yukon Backcountry Skiing","robots":{"index":"index","follow":"follow","max-snippet":"max-snippet:-1","max-image-preview":"max-image-preview:large","max-video-preview":"max-video-preview:-1"},"canonical":"https:\/\/yukonbackcountryskiing.com\/fr\/produit\/les-dangers-de-la-montagne-session-du-28-decembre-2020-a-17h30\/","og_locale":"fr_FR","og_type":"article","og_title":"Les dangers de la montagne : session en francais du 28 D\u00e9cembre 2020 \u00e0 17H30 &#8211; Yukon Backcountry Skiing","og_description":"pr\u00e9sentation de 2 heures 30 sur les dangers de la montagne. Session du 28 D\u00e9cembre 2020 \u00e0 17h30.","og_url":"https:\/\/yukonbackcountryskiing.com\/fr\/produit\/les-dangers-de-la-montagne-session-du-28-decembre-2020-a-17h30\/","og_site_name":"Yukon Backcountry Skiing","article_publisher":"https:\/\/www.facebook.com\/yukonbackountryskiing.net\/","article_modified_time":"2023-05-24T20:55:39+00:00","og_image":[{"url":"https:\/\/yukonbackcountryskiing.com\/wp-content\/uploads\/2020\/12\/Dangers-montagnes.gif","type":"","width":"","height":""}],"twitter_card":"summary_large_image","twitter_misc":{"Dur\u00e9e de lecture estim\u00e9e":"1 minute"},"schema":{"@context":"https:\/\/schema.org","@graph":[{"@type":"WebPage","@id":"https:\/\/yukonbackcountryskiing.com\/fr\/produit\/les-dangers-de-la-montagne-session-du-28-decembre-2020-a-17h30\/","url":"https:\/\/yukonbackcountryskiing.com\/fr\/produit\/les-dangers-de-la-montagne-session-du-28-decembre-2020-a-17h30\/","name":"Les dangers de la montagne : session en francais du 28 D\u00e9cembre 2020 \u00e0 17H30 &#8211; Yukon Backcountry Skiing","isPartOf":{"@id":"https:\/\/yukonbackcountryskiing.com\/#website"},"primaryImageOfPage":{"@id":"https:\/\/yukonbackcountryskiing.com\/fr\/produit\/les-dangers-de-la-montagne-session-du-28-decembre-2020-a-17h30\/#primaryimage"},"image":{"@id":"https:\/\/yukonbackcountryskiing.com\/fr\/produit\/les-dangers-de-la-montagne-session-du-28-decembre-2020-a-17h30\/#primaryimage"},"thumbnailUrl":"https:\/\/yukonbackcountryskiing.com\/wp-content\/uploads\/2020\/12\/Dangers-montagnes.gif","datePublished":"2020-12-22T02:41:49+00:00","dateModified":"2023-05-24T20:55:39+00:00","breadcrumb":{"@id":"https:\/\/yukonbackcountryskiing.com\/fr\/produit\/les-dangers-de-la-montagne-session-du-28-decembre-2020-a-17h30\/#breadcrumb"},"inLanguage":"fr-FR","potentialAction":[{"@type":"ReadAction","target":["https:\/\/yukonbackcountryskiing.com\/fr\/produit\/les-dangers-de-la-montagne-session-du-28-decembre-2020-a-17h30\/"]}]},{"@type":"ImageObject","inLanguage":"fr-FR","@id":"https:\/\/yukonbackcountryskiing.com\/fr\/produit\/les-dangers-de-la-montagne-session-du-28-decembre-2020-a-17h30\/#primaryimage","url":"https:\/\/yukonbackcountryskiing.com\/wp-content\/uploads\/2020\/12\/Dangers-montagnes.gif","contentUrl":"https:\/\/yukonbackcountryskiing.com\/wp-content\/uploads\/2020\/12\/Dangers-montagnes.gif"},{"@type":"BreadcrumbList","@id":"https:\/\/yukonbackcountryskiing.com\/fr\/produit\/les-dangers-de-la-montagne-session-du-28-decembre-2020-a-17h30\/#breadcrumb","itemListElement":[{"@type":"ListItem","position":1,"name":"Home","item":"https:\/\/yukonbackcountryskiing.com\/fr\/"},{"@type":"ListItem","position":2,"name":"Boutique","item":"https:\/\/yukonbackcountryskiing.com\/fr\/boutique\/"},{"@type":"ListItem","position":3,"name":"Les dangers de la montagne : session en francais du 28 D\u00e9cembre 2020 \u00e0 17H30"}]},{"@type":"WebSite","@id":"https:\/\/yukonbackcountryskiing.com\/#website","url":"https:\/\/yukonbackcountryskiing.com\/","name":"Yukon Backcountry Skiing","description":"","publisher":{"@id":"https:\/\/yukonbackcountryskiing.com\/#organization"},"potentialAction":[{"@type":"SearchAction","target":{"@type":"EntryPoint","urlTemplate":"https:\/\/yukonbackcountryskiing.com\/?s={search_term_string}"},"query-input":{"@type":"PropertyValueSpecification","valueRequired":true,"valueName":"search_term_string"}}],"inLanguage":"fr-FR"},{"@type":"Organization","@id":"https:\/\/yukonbackcountryskiing.com\/#organization","name":"Yukon Backcountry Skiing","url":"https:\/\/yukonbackcountryskiing.com\/","logo":{"@type":"ImageObject","inLanguage":"fr-FR","@id":"https:\/\/yukonbackcountryskiing.com\/#\/schema\/logo\/image\/","url":"https:\/\/yukonbackcountryskiing.com\/wp-content\/uploads\/2018\/09\/YBS_Logo_HD.png","contentUrl":"https:\/\/yukonbackcountryskiing.com\/wp-content\/uploads\/2018\/09\/YBS_Logo_HD.png","width":1047,"height":596,"caption":"Yukon Backcountry Skiing"},"image":{"@id":"https:\/\/yukonbackcountryskiing.com\/#\/schema\/logo\/image\/"},"sameAs":["https:\/\/www.facebook.com\/yukonbackountryskiing.net\/","https:\/\/www.instagram.com\/yukonbackcountryskiing\/","https:\/\/www.youtube.com\/channel\/UCAqyCMCadso5X1jKC8jvT5w"]}]}},"_links":{"self":[{"href":"https:\/\/yukonbackcountryskiing.com\/fr\/wp-json\/wp\/v2\/product\/5694","targetHints":{"allow":["GET"]}}],"collection":[{"href":"https:\/\/yukonbackcountryskiing.com\/fr\/wp-json\/wp\/v2\/product"}],"about":[{"href":"https:\/\/yukonbackcountryskiing.com\/fr\/wp-json\/wp\/v2\/types\/product"}],"replies":[{"embeddable":true,"href":"https:\/\/yukonbackcountryskiing.com\/fr\/wp-json\/wp\/v2\/comments?post=5694"}],"wp:attachment":[{"href":"https:\/\/yukonbackcountryskiing.com\/fr\/wp-json\/wp\/v2\/media?parent=5694"}],"wp:term":[{"taxonomy":"product_brand","embeddable":true,"href":"https:\/\/yukonbackcountryskiing.com\/fr\/wp-json\/wp\/v2\/product_brand?post=5694"},{"taxonomy":"product_cat","embeddable":true,"href":"https:\/\/yukonbackcountryskiing.com\/fr\/wp-json\/wp\/v2\/product_cat?post=5694"},{"taxonomy":"product_tag","embeddable":true,"href":"https:\/\/yukonbackcountryskiing.com\/fr\/wp-json\/wp\/v2\/product_tag?post=5694"}],"curies":[{"name":"wp","href":"https:\/\/api.w.org\/{rel}","templated":true}]}}