{"id":3814,"date":"2018-09-20T09:38:36","date_gmt":"2018-09-20T16:38:36","guid":{"rendered":"http:\/\/yukonbackcountryskiing.com\/?post_type=product&#038;p=3814"},"modified":"2026-03-24T16:30:54","modified_gmt":"2026-03-24T23:30:54","slug":"white-pass-haines-pass-combo","status":"publish","type":"product","link":"https:\/\/yukonbackcountryskiing.com\/fr\/produit\/white-pass-haines-pass-combo\/","title":{"rendered":"White Pass &#038; Haines Pass Combo (FR)"},"content":{"rendered":"<p><strong>White Pass \u00e0 ski<\/strong><br \/>\nCet ouvrage de 160 pages agr\u00e9ment\u00e9 de plus de 180 photographies en couleur comprend un vaste choix d&rsquo;itin\u00e9raires de tous niveaux. Chaque itin\u00e9raire est d\u00e9crit en d\u00e9tail : acc\u00e8s, point de d\u00e9part,\u00a0 difficult\u00e9, exposition aux risques. Ce livre contient tout ce qu\u2019il est indispensable de savoir avant de chausser les skis. Vous y trouverez toutes les informations utiles pour pr\u00e9parer vos sorties.<\/p>\n<p><strong>Haines Pass \u00e0 ski<br \/>\n<\/strong>Haines Pass \u00e0 ski, 164 pages et plus de 60 itin\u00e9raires r\u00e9pertori\u00e9s et d\u00e9crits en d\u00e9tail. Comme pour White Pass \u00e0 ski, vous y trouverez toutes les infos utiles pour trouver et pr\u00e9parer les sorties qui vous conviennent le mieux.<\/p>\n<p>EPUIS\u00c9<\/p>\n","protected":false},"excerpt":{"rendered":"<p><strong>White Pass \u00e0 ski<\/strong><br \/>\nA 1 heure 30 de route au sud de Whitehorse, White pass est un col qui s\u00e9pare le Yukon de l\u2019Alaska. La South Klondike Highway traverse la cha\u00eene c\u00f4ti\u00e8re pour rejoindre Skagway au bord du fjord de Lynn et nous offre ainsi acc\u00e8s \u00e0 de superbe pentes.<\/p>\n<p><strong>Haines Pass \u00e0 ski<br \/>\n<\/strong>\u00c0 3 heures 30 de route de Whitehorse, Haines Pass est un col qui relie le petit village de Haines Junction Yukon au village de Haines en Alaska. Haines est un des haut lieu de l&rsquo;h\u00e9liski mondial. La route nous permet d\u2019avoir acc\u00e8s \u00e0 de nombreux sommets, notamment au parc provincial de Tatshenshini-Alsek o\u00f9 l&rsquo;heliski n\u2019est pas autoris\u00e9..<\/p>\n","protected":false},"featured_media":3728,"comment_status":"open","ping_status":"closed","template":"","meta":[],"product_brand":[],"product_cat":[72],"product_tag":[],"class_list":{"0":"post-3814","1":"product","2":"type-product","3":"status-publish","4":"has-post-thumbnail","6":"product_cat-books-fr","7":"product_shipping_class-combo-fr","8":"description-off","10":"first","11":"outofstock","12":"shipping-taxable","13":"purchasable","14":"product-type-simple"},"yoast_head":"<!-- This site is optimized with the Yoast SEO plugin v24.5 - https:\/\/yoast.com\/wordpress\/plugins\/seo\/ -->\n<title>White Pass &amp; Haines Pass Combo (FR) &#8211; Yukon Backcountry Skiing<\/title>\n<meta name=\"robots\" content=\"index, follow, max-snippet:-1, max-image-preview:large, max-video-preview:-1\" \/>\n<link rel=\"canonical\" href=\"https:\/\/yukonbackcountryskiing.com\/fr\/produit\/white-pass-haines-pass-combo\/\" \/>\n<meta property=\"og:locale\" content=\"fr_FR\" \/>\n<meta property=\"og:type\" content=\"article\" \/>\n<meta property=\"og:title\" content=\"White Pass &amp; Haines Pass Combo (FR) &#8211; Yukon Backcountry Skiing\" \/>\n<meta property=\"og:description\" content=\"White Pass \u00e0 ski A 1 heure 30 de route au sud de Whitehorse, White pass est un col qui s\u00e9pare le Yukon de l\u2019Alaska. La South Klondike Highway traverse la cha\u00eene c\u00f4ti\u00e8re pour rejoindre Skagway au bord du fjord de Lynn et nous offre ainsi acc\u00e8s \u00e0 de superbe pentes.  Haines Pass \u00e0 ski \u00c0 3 heures 30 de route de Whitehorse, Haines Pass est un col qui relie le petit village de Haines Junction Yukon au village de Haines en Alaska. Haines est un des haut lieu de l&#039;h\u00e9liski mondial. La route nous permet d\u2019avoir acc\u00e8s \u00e0 de nombreux sommets, notamment au parc provincial de Tatshenshini-Alsek o\u00f9 l&#039;heliski n\u2019est pas autoris\u00e9..\" \/>\n<meta property=\"og:url\" content=\"https:\/\/yukonbackcountryskiing.com\/fr\/produit\/white-pass-haines-pass-combo\/\" \/>\n<meta property=\"og:site_name\" content=\"Yukon Backcountry Skiing\" \/>\n<meta property=\"article:publisher\" content=\"https:\/\/www.facebook.com\/yukonbackountryskiing.net\/\" \/>\n<meta property=\"article:modified_time\" content=\"2026-03-24T23:30:54+00:00\" \/>\n<meta property=\"og:image\" content=\"https:\/\/yukonbackcountryskiing.com\/wp-content\/uploads\/2018\/09\/Combo_Backcountry_Skiing_FR.jpg\" \/>\n\t<meta property=\"og:image:width\" content=\"539\" \/>\n\t<meta property=\"og:image:height\" content=\"800\" \/>\n\t<meta property=\"og:image:type\" content=\"image\/jpeg\" \/>\n<meta name=\"twitter:card\" content=\"summary_large_image\" \/>\n<meta name=\"twitter:label1\" content=\"Dur\u00e9e de lecture estim\u00e9e\" \/>\n\t<meta name=\"twitter:data1\" content=\"1 minute\" \/>\n<script type=\"application\/ld+json\" class=\"yoast-schema-graph\">{\"@context\":\"https:\/\/schema.org\",\"@graph\":[{\"@type\":\"WebPage\",\"@id\":\"https:\/\/yukonbackcountryskiing.com\/fr\/produit\/white-pass-haines-pass-combo\/\",\"url\":\"https:\/\/yukonbackcountryskiing.com\/fr\/produit\/white-pass-haines-pass-combo\/\",\"name\":\"White Pass & Haines Pass Combo (FR) &#8211; Yukon Backcountry Skiing\",\"isPartOf\":{\"@id\":\"https:\/\/yukonbackcountryskiing.com\/#website\"},\"primaryImageOfPage\":{\"@id\":\"https:\/\/yukonbackcountryskiing.com\/fr\/produit\/white-pass-haines-pass-combo\/#primaryimage\"},\"image\":{\"@id\":\"https:\/\/yukonbackcountryskiing.com\/fr\/produit\/white-pass-haines-pass-combo\/#primaryimage\"},\"thumbnailUrl\":\"https:\/\/yukonbackcountryskiing.com\/wp-content\/uploads\/2018\/09\/Combo_Backcountry_Skiing_FR.jpg\",\"datePublished\":\"2018-09-20T16:38:36+00:00\",\"dateModified\":\"2026-03-24T23:30:54+00:00\",\"breadcrumb\":{\"@id\":\"https:\/\/yukonbackcountryskiing.com\/fr\/produit\/white-pass-haines-pass-combo\/#breadcrumb\"},\"inLanguage\":\"fr-FR\",\"potentialAction\":[{\"@type\":\"ReadAction\",\"target\":[\"https:\/\/yukonbackcountryskiing.com\/fr\/produit\/white-pass-haines-pass-combo\/\"]}]},{\"@type\":\"ImageObject\",\"inLanguage\":\"fr-FR\",\"@id\":\"https:\/\/yukonbackcountryskiing.com\/fr\/produit\/white-pass-haines-pass-combo\/#primaryimage\",\"url\":\"https:\/\/yukonbackcountryskiing.com\/wp-content\/uploads\/2018\/09\/Combo_Backcountry_Skiing_FR.jpg\",\"contentUrl\":\"https:\/\/yukonbackcountryskiing.com\/wp-content\/uploads\/2018\/09\/Combo_Backcountry_Skiing_FR.jpg\",\"width\":539,\"height\":800,\"caption\":\"Livres: White Pass & Haines Pass Backcountry Skiing\"},{\"@type\":\"BreadcrumbList\",\"@id\":\"https:\/\/yukonbackcountryskiing.com\/fr\/produit\/white-pass-haines-pass-combo\/#breadcrumb\",\"itemListElement\":[{\"@type\":\"ListItem\",\"position\":1,\"name\":\"Home\",\"item\":\"https:\/\/yukonbackcountryskiing.com\/fr\/\"},{\"@type\":\"ListItem\",\"position\":2,\"name\":\"Boutique\",\"item\":\"https:\/\/yukonbackcountryskiing.com\/fr\/boutique\/\"},{\"@type\":\"ListItem\",\"position\":3,\"name\":\"White Pass &#038; Haines Pass Combo (FR)\"}]},{\"@type\":\"WebSite\",\"@id\":\"https:\/\/yukonbackcountryskiing.com\/#website\",\"url\":\"https:\/\/yukonbackcountryskiing.com\/\",\"name\":\"Yukon Backcountry Skiing\",\"description\":\"\",\"publisher\":{\"@id\":\"https:\/\/yukonbackcountryskiing.com\/#organization\"},\"potentialAction\":[{\"@type\":\"SearchAction\",\"target\":{\"@type\":\"EntryPoint\",\"urlTemplate\":\"https:\/\/yukonbackcountryskiing.com\/?s={search_term_string}\"},\"query-input\":{\"@type\":\"PropertyValueSpecification\",\"valueRequired\":true,\"valueName\":\"search_term_string\"}}],\"inLanguage\":\"fr-FR\"},{\"@type\":\"Organization\",\"@id\":\"https:\/\/yukonbackcountryskiing.com\/#organization\",\"name\":\"Yukon Backcountry Skiing\",\"url\":\"https:\/\/yukonbackcountryskiing.com\/\",\"logo\":{\"@type\":\"ImageObject\",\"inLanguage\":\"fr-FR\",\"@id\":\"https:\/\/yukonbackcountryskiing.com\/#\/schema\/logo\/image\/\",\"url\":\"https:\/\/yukonbackcountryskiing.com\/wp-content\/uploads\/2018\/09\/YBS_Logo_HD.png\",\"contentUrl\":\"https:\/\/yukonbackcountryskiing.com\/wp-content\/uploads\/2018\/09\/YBS_Logo_HD.png\",\"width\":1047,\"height\":596,\"caption\":\"Yukon Backcountry Skiing\"},\"image\":{\"@id\":\"https:\/\/yukonbackcountryskiing.com\/#\/schema\/logo\/image\/\"},\"sameAs\":[\"https:\/\/www.facebook.com\/yukonbackountryskiing.net\/\",\"https:\/\/www.instagram.com\/yukonbackcountryskiing\/\",\"https:\/\/www.youtube.com\/channel\/UCAqyCMCadso5X1jKC8jvT5w\"]}]}<\/script>\n<!-- \/ Yoast SEO plugin. -->","yoast_head_json":{"title":"White Pass & Haines Pass Combo (FR) &#8211; Yukon Backcountry Skiing","robots":{"index":"index","follow":"follow","max-snippet":"max-snippet:-1","max-image-preview":"max-image-preview:large","max-video-preview":"max-video-preview:-1"},"canonical":"https:\/\/yukonbackcountryskiing.com\/fr\/produit\/white-pass-haines-pass-combo\/","og_locale":"fr_FR","og_type":"article","og_title":"White Pass & Haines Pass Combo (FR) &#8211; Yukon Backcountry Skiing","og_description":"White Pass \u00e0 ski A 1 heure 30 de route au sud de Whitehorse, White pass est un col qui s\u00e9pare le Yukon de l\u2019Alaska. La South Klondike Highway traverse la cha\u00eene c\u00f4ti\u00e8re pour rejoindre Skagway au bord du fjord de Lynn et nous offre ainsi acc\u00e8s \u00e0 de superbe pentes.  Haines Pass \u00e0 ski \u00c0 3 heures 30 de route de Whitehorse, Haines Pass est un col qui relie le petit village de Haines Junction Yukon au village de Haines en Alaska. Haines est un des haut lieu de l'h\u00e9liski mondial. La route nous permet d\u2019avoir acc\u00e8s \u00e0 de nombreux sommets, notamment au parc provincial de Tatshenshini-Alsek o\u00f9 l'heliski n\u2019est pas autoris\u00e9..","og_url":"https:\/\/yukonbackcountryskiing.com\/fr\/produit\/white-pass-haines-pass-combo\/","og_site_name":"Yukon Backcountry Skiing","article_publisher":"https:\/\/www.facebook.com\/yukonbackountryskiing.net\/","article_modified_time":"2026-03-24T23:30:54+00:00","og_image":[{"width":539,"height":800,"url":"https:\/\/yukonbackcountryskiing.com\/wp-content\/uploads\/2018\/09\/Combo_Backcountry_Skiing_FR.jpg","type":"image\/jpeg"}],"twitter_card":"summary_large_image","twitter_misc":{"Dur\u00e9e de lecture estim\u00e9e":"1 minute"},"schema":{"@context":"https:\/\/schema.org","@graph":[{"@type":"WebPage","@id":"https:\/\/yukonbackcountryskiing.com\/fr\/produit\/white-pass-haines-pass-combo\/","url":"https:\/\/yukonbackcountryskiing.com\/fr\/produit\/white-pass-haines-pass-combo\/","name":"White Pass & Haines Pass Combo (FR) &#8211; Yukon Backcountry Skiing","isPartOf":{"@id":"https:\/\/yukonbackcountryskiing.com\/#website"},"primaryImageOfPage":{"@id":"https:\/\/yukonbackcountryskiing.com\/fr\/produit\/white-pass-haines-pass-combo\/#primaryimage"},"image":{"@id":"https:\/\/yukonbackcountryskiing.com\/fr\/produit\/white-pass-haines-pass-combo\/#primaryimage"},"thumbnailUrl":"https:\/\/yukonbackcountryskiing.com\/wp-content\/uploads\/2018\/09\/Combo_Backcountry_Skiing_FR.jpg","datePublished":"2018-09-20T16:38:36+00:00","dateModified":"2026-03-24T23:30:54+00:00","breadcrumb":{"@id":"https:\/\/yukonbackcountryskiing.com\/fr\/produit\/white-pass-haines-pass-combo\/#breadcrumb"},"inLanguage":"fr-FR","potentialAction":[{"@type":"ReadAction","target":["https:\/\/yukonbackcountryskiing.com\/fr\/produit\/white-pass-haines-pass-combo\/"]}]},{"@type":"ImageObject","inLanguage":"fr-FR","@id":"https:\/\/yukonbackcountryskiing.com\/fr\/produit\/white-pass-haines-pass-combo\/#primaryimage","url":"https:\/\/yukonbackcountryskiing.com\/wp-content\/uploads\/2018\/09\/Combo_Backcountry_Skiing_FR.jpg","contentUrl":"https:\/\/yukonbackcountryskiing.com\/wp-content\/uploads\/2018\/09\/Combo_Backcountry_Skiing_FR.jpg","width":539,"height":800,"caption":"Livres: White Pass & Haines Pass Backcountry Skiing"},{"@type":"BreadcrumbList","@id":"https:\/\/yukonbackcountryskiing.com\/fr\/produit\/white-pass-haines-pass-combo\/#breadcrumb","itemListElement":[{"@type":"ListItem","position":1,"name":"Home","item":"https:\/\/yukonbackcountryskiing.com\/fr\/"},{"@type":"ListItem","position":2,"name":"Boutique","item":"https:\/\/yukonbackcountryskiing.com\/fr\/boutique\/"},{"@type":"ListItem","position":3,"name":"White Pass &#038; Haines Pass Combo (FR)"}]},{"@type":"WebSite","@id":"https:\/\/yukonbackcountryskiing.com\/#website","url":"https:\/\/yukonbackcountryskiing.com\/","name":"Yukon Backcountry Skiing","description":"","publisher":{"@id":"https:\/\/yukonbackcountryskiing.com\/#organization"},"potentialAction":[{"@type":"SearchAction","target":{"@type":"EntryPoint","urlTemplate":"https:\/\/yukonbackcountryskiing.com\/?s={search_term_string}"},"query-input":{"@type":"PropertyValueSpecification","valueRequired":true,"valueName":"search_term_string"}}],"inLanguage":"fr-FR"},{"@type":"Organization","@id":"https:\/\/yukonbackcountryskiing.com\/#organization","name":"Yukon Backcountry Skiing","url":"https:\/\/yukonbackcountryskiing.com\/","logo":{"@type":"ImageObject","inLanguage":"fr-FR","@id":"https:\/\/yukonbackcountryskiing.com\/#\/schema\/logo\/image\/","url":"https:\/\/yukonbackcountryskiing.com\/wp-content\/uploads\/2018\/09\/YBS_Logo_HD.png","contentUrl":"https:\/\/yukonbackcountryskiing.com\/wp-content\/uploads\/2018\/09\/YBS_Logo_HD.png","width":1047,"height":596,"caption":"Yukon Backcountry Skiing"},"image":{"@id":"https:\/\/yukonbackcountryskiing.com\/#\/schema\/logo\/image\/"},"sameAs":["https:\/\/www.facebook.com\/yukonbackountryskiing.net\/","https:\/\/www.instagram.com\/yukonbackcountryskiing\/","https:\/\/www.youtube.com\/channel\/UCAqyCMCadso5X1jKC8jvT5w"]}]}},"_links":{"self":[{"href":"https:\/\/yukonbackcountryskiing.com\/fr\/wp-json\/wp\/v2\/product\/3814","targetHints":{"allow":["GET"]}}],"collection":[{"href":"https:\/\/yukonbackcountryskiing.com\/fr\/wp-json\/wp\/v2\/product"}],"about":[{"href":"https:\/\/yukonbackcountryskiing.com\/fr\/wp-json\/wp\/v2\/types\/product"}],"replies":[{"embeddable":true,"href":"https:\/\/yukonbackcountryskiing.com\/fr\/wp-json\/wp\/v2\/comments?post=3814"}],"wp:featuredmedia":[{"embeddable":true,"href":"https:\/\/yukonbackcountryskiing.com\/fr\/wp-json\/wp\/v2\/media\/3728"}],"wp:attachment":[{"href":"https:\/\/yukonbackcountryskiing.com\/fr\/wp-json\/wp\/v2\/media?parent=3814"}],"wp:term":[{"taxonomy":"product_brand","embeddable":true,"href":"https:\/\/yukonbackcountryskiing.com\/fr\/wp-json\/wp\/v2\/product_brand?post=3814"},{"taxonomy":"product_cat","embeddable":true,"href":"https:\/\/yukonbackcountryskiing.com\/fr\/wp-json\/wp\/v2\/product_cat?post=3814"},{"taxonomy":"product_tag","embeddable":true,"href":"https:\/\/yukonbackcountryskiing.com\/fr\/wp-json\/wp\/v2\/product_tag?post=3814"}],"curies":[{"name":"wp","href":"https:\/\/api.w.org\/{rel}","templated":true}]}}