{"id":3812,"date":"2018-09-21T09:38:10","date_gmt":"2018-09-21T16:38:10","guid":{"rendered":"http:\/\/yukonbackcountryskiing.com\/?post_type=product&#038;p=3812"},"modified":"2026-03-24T16:31:09","modified_gmt":"2026-03-24T23:31:09","slug":"white-pass-a-ski","status":"publish","type":"product","link":"https:\/\/yukonbackcountryskiing.com\/fr\/produit\/white-pass-a-ski\/","title":{"rendered":"White Pass \u00e0 ski"},"content":{"rendered":"<p>Cet ouvrage de 160 pages agr\u00e9ment\u00e9 de plus de 180 photographies en couleur comprend un vaste choix d&rsquo;itin\u00e9raires de tous niveaux. Chaque itin\u00e9raire est d\u00e9crit en d\u00e9tail : acc\u00e8s, point de d\u00e9part, difficult\u00e9, exposition aux risques. Ce livre contient tout ce qu\u2019il est indispensable de savoir avant de chausser les skis. Vous y trouverez toutes les informations utiles pour pr\u00e9parer vos sorties.<\/p>\n<p>EPUIS\u00c9<\/p>\n","protected":false},"excerpt":{"rendered":"<p>A 1 heure 30 de route au sud de Whitehorse, White pass est un col qui s\u00e9pare le Yukon de l\u2019Alaska. La South Klondike Highway traverse la cha\u00eene c\u00f4ti\u00e8re pour rejoindre Skagway au bord du fjord de Lynn et nous offre ainsi acc\u00e8s \u00e0 de superbe pentes.<\/p>\n","protected":false},"featured_media":3381,"comment_status":"open","ping_status":"closed","template":"","meta":[],"product_brand":[],"product_cat":[72],"product_tag":[],"class_list":{"0":"post-3812","1":"product","2":"type-product","3":"status-publish","4":"has-post-thumbnail","6":"product_cat-books-fr","7":"product_shipping_class-white-pass-fr","8":"description-off","10":"first","11":"outofstock","12":"featured","13":"shipping-taxable","14":"purchasable","15":"product-type-simple"},"yoast_head":"<!-- This site is optimized with the Yoast SEO plugin v24.5 - https:\/\/yoast.com\/wordpress\/plugins\/seo\/ -->\n<title>White Pass \u00e0 ski &#8211; Yukon Backcountry Skiing<\/title>\n<meta name=\"robots\" content=\"index, follow, max-snippet:-1, max-image-preview:large, max-video-preview:-1\" \/>\n<link rel=\"canonical\" href=\"https:\/\/yukonbackcountryskiing.com\/fr\/produit\/white-pass-a-ski\/\" \/>\n<meta property=\"og:locale\" content=\"fr_FR\" \/>\n<meta property=\"og:type\" content=\"article\" \/>\n<meta property=\"og:title\" content=\"White Pass \u00e0 ski &#8211; Yukon Backcountry Skiing\" \/>\n<meta property=\"og:description\" content=\"A 1 heure 30 de route au sud de Whitehorse, White pass est un col qui s\u00e9pare le Yukon de l\u2019Alaska. La South Klondike Highway traverse la cha\u00eene c\u00f4ti\u00e8re pour rejoindre Skagway au bord du fjord de Lynn et nous offre ainsi acc\u00e8s \u00e0 de superbe pentes.\" \/>\n<meta property=\"og:url\" content=\"https:\/\/yukonbackcountryskiing.com\/fr\/produit\/white-pass-a-ski\/\" \/>\n<meta property=\"og:site_name\" content=\"Yukon Backcountry Skiing\" \/>\n<meta property=\"article:publisher\" content=\"https:\/\/www.facebook.com\/yukonbackountryskiing.net\/\" \/>\n<meta property=\"article:modified_time\" content=\"2026-03-24T23:31:09+00:00\" \/>\n<meta property=\"og:image\" content=\"https:\/\/yukonbackcountryskiing.com\/wp-content\/uploads\/2018\/09\/White_Pass_Backcountry_Skiing_FR.jpg\" \/>\n\t<meta property=\"og:image:width\" content=\"539\" \/>\n\t<meta property=\"og:image:height\" content=\"800\" \/>\n\t<meta property=\"og:image:type\" content=\"image\/jpeg\" \/>\n<meta name=\"twitter:card\" content=\"summary_large_image\" \/>\n<meta name=\"twitter:label1\" content=\"Dur\u00e9e de lecture estim\u00e9e\" \/>\n\t<meta name=\"twitter:data1\" content=\"1 minute\" \/>\n<script type=\"application\/ld+json\" class=\"yoast-schema-graph\">{\"@context\":\"https:\/\/schema.org\",\"@graph\":[{\"@type\":\"WebPage\",\"@id\":\"https:\/\/yukonbackcountryskiing.com\/fr\/produit\/white-pass-a-ski\/\",\"url\":\"https:\/\/yukonbackcountryskiing.com\/fr\/produit\/white-pass-a-ski\/\",\"name\":\"White Pass \u00e0 ski &#8211; Yukon Backcountry Skiing\",\"isPartOf\":{\"@id\":\"https:\/\/yukonbackcountryskiing.com\/#website\"},\"primaryImageOfPage\":{\"@id\":\"https:\/\/yukonbackcountryskiing.com\/fr\/produit\/white-pass-a-ski\/#primaryimage\"},\"image\":{\"@id\":\"https:\/\/yukonbackcountryskiing.com\/fr\/produit\/white-pass-a-ski\/#primaryimage\"},\"thumbnailUrl\":\"https:\/\/yukonbackcountryskiing.com\/wp-content\/uploads\/2018\/09\/White_Pass_Backcountry_Skiing_FR.jpg\",\"datePublished\":\"2018-09-21T16:38:10+00:00\",\"dateModified\":\"2026-03-24T23:31:09+00:00\",\"breadcrumb\":{\"@id\":\"https:\/\/yukonbackcountryskiing.com\/fr\/produit\/white-pass-a-ski\/#breadcrumb\"},\"inLanguage\":\"fr-FR\",\"potentialAction\":[{\"@type\":\"ReadAction\",\"target\":[\"https:\/\/yukonbackcountryskiing.com\/fr\/produit\/white-pass-a-ski\/\"]}]},{\"@type\":\"ImageObject\",\"inLanguage\":\"fr-FR\",\"@id\":\"https:\/\/yukonbackcountryskiing.com\/fr\/produit\/white-pass-a-ski\/#primaryimage\",\"url\":\"https:\/\/yukonbackcountryskiing.com\/wp-content\/uploads\/2018\/09\/White_Pass_Backcountry_Skiing_FR.jpg\",\"contentUrl\":\"https:\/\/yukonbackcountryskiing.com\/wp-content\/uploads\/2018\/09\/White_Pass_Backcountry_Skiing_FR.jpg\",\"width\":539,\"height\":800,\"caption\":\"Livre: White Pass Backcountry Skiing\"},{\"@type\":\"BreadcrumbList\",\"@id\":\"https:\/\/yukonbackcountryskiing.com\/fr\/produit\/white-pass-a-ski\/#breadcrumb\",\"itemListElement\":[{\"@type\":\"ListItem\",\"position\":1,\"name\":\"Home\",\"item\":\"https:\/\/yukonbackcountryskiing.com\/fr\/\"},{\"@type\":\"ListItem\",\"position\":2,\"name\":\"Boutique\",\"item\":\"https:\/\/yukonbackcountryskiing.com\/fr\/boutique\/\"},{\"@type\":\"ListItem\",\"position\":3,\"name\":\"White Pass \u00e0 ski\"}]},{\"@type\":\"WebSite\",\"@id\":\"https:\/\/yukonbackcountryskiing.com\/#website\",\"url\":\"https:\/\/yukonbackcountryskiing.com\/\",\"name\":\"Yukon Backcountry Skiing\",\"description\":\"\",\"publisher\":{\"@id\":\"https:\/\/yukonbackcountryskiing.com\/#organization\"},\"potentialAction\":[{\"@type\":\"SearchAction\",\"target\":{\"@type\":\"EntryPoint\",\"urlTemplate\":\"https:\/\/yukonbackcountryskiing.com\/?s={search_term_string}\"},\"query-input\":{\"@type\":\"PropertyValueSpecification\",\"valueRequired\":true,\"valueName\":\"search_term_string\"}}],\"inLanguage\":\"fr-FR\"},{\"@type\":\"Organization\",\"@id\":\"https:\/\/yukonbackcountryskiing.com\/#organization\",\"name\":\"Yukon Backcountry Skiing\",\"url\":\"https:\/\/yukonbackcountryskiing.com\/\",\"logo\":{\"@type\":\"ImageObject\",\"inLanguage\":\"fr-FR\",\"@id\":\"https:\/\/yukonbackcountryskiing.com\/#\/schema\/logo\/image\/\",\"url\":\"https:\/\/yukonbackcountryskiing.com\/wp-content\/uploads\/2018\/09\/YBS_Logo_HD.png\",\"contentUrl\":\"https:\/\/yukonbackcountryskiing.com\/wp-content\/uploads\/2018\/09\/YBS_Logo_HD.png\",\"width\":1047,\"height\":596,\"caption\":\"Yukon Backcountry Skiing\"},\"image\":{\"@id\":\"https:\/\/yukonbackcountryskiing.com\/#\/schema\/logo\/image\/\"},\"sameAs\":[\"https:\/\/www.facebook.com\/yukonbackountryskiing.net\/\",\"https:\/\/www.instagram.com\/yukonbackcountryskiing\/\",\"https:\/\/www.youtube.com\/channel\/UCAqyCMCadso5X1jKC8jvT5w\"]}]}<\/script>\n<!-- \/ Yoast SEO plugin. -->","yoast_head_json":{"title":"White Pass \u00e0 ski &#8211; Yukon Backcountry Skiing","robots":{"index":"index","follow":"follow","max-snippet":"max-snippet:-1","max-image-preview":"max-image-preview:large","max-video-preview":"max-video-preview:-1"},"canonical":"https:\/\/yukonbackcountryskiing.com\/fr\/produit\/white-pass-a-ski\/","og_locale":"fr_FR","og_type":"article","og_title":"White Pass \u00e0 ski &#8211; Yukon Backcountry Skiing","og_description":"A 1 heure 30 de route au sud de Whitehorse, White pass est un col qui s\u00e9pare le Yukon de l\u2019Alaska. La South Klondike Highway traverse la cha\u00eene c\u00f4ti\u00e8re pour rejoindre Skagway au bord du fjord de Lynn et nous offre ainsi acc\u00e8s \u00e0 de superbe pentes.","og_url":"https:\/\/yukonbackcountryskiing.com\/fr\/produit\/white-pass-a-ski\/","og_site_name":"Yukon Backcountry Skiing","article_publisher":"https:\/\/www.facebook.com\/yukonbackountryskiing.net\/","article_modified_time":"2026-03-24T23:31:09+00:00","og_image":[{"width":539,"height":800,"url":"https:\/\/yukonbackcountryskiing.com\/wp-content\/uploads\/2018\/09\/White_Pass_Backcountry_Skiing_FR.jpg","type":"image\/jpeg"}],"twitter_card":"summary_large_image","twitter_misc":{"Dur\u00e9e de lecture estim\u00e9e":"1 minute"},"schema":{"@context":"https:\/\/schema.org","@graph":[{"@type":"WebPage","@id":"https:\/\/yukonbackcountryskiing.com\/fr\/produit\/white-pass-a-ski\/","url":"https:\/\/yukonbackcountryskiing.com\/fr\/produit\/white-pass-a-ski\/","name":"White Pass \u00e0 ski &#8211; Yukon Backcountry Skiing","isPartOf":{"@id":"https:\/\/yukonbackcountryskiing.com\/#website"},"primaryImageOfPage":{"@id":"https:\/\/yukonbackcountryskiing.com\/fr\/produit\/white-pass-a-ski\/#primaryimage"},"image":{"@id":"https:\/\/yukonbackcountryskiing.com\/fr\/produit\/white-pass-a-ski\/#primaryimage"},"thumbnailUrl":"https:\/\/yukonbackcountryskiing.com\/wp-content\/uploads\/2018\/09\/White_Pass_Backcountry_Skiing_FR.jpg","datePublished":"2018-09-21T16:38:10+00:00","dateModified":"2026-03-24T23:31:09+00:00","breadcrumb":{"@id":"https:\/\/yukonbackcountryskiing.com\/fr\/produit\/white-pass-a-ski\/#breadcrumb"},"inLanguage":"fr-FR","potentialAction":[{"@type":"ReadAction","target":["https:\/\/yukonbackcountryskiing.com\/fr\/produit\/white-pass-a-ski\/"]}]},{"@type":"ImageObject","inLanguage":"fr-FR","@id":"https:\/\/yukonbackcountryskiing.com\/fr\/produit\/white-pass-a-ski\/#primaryimage","url":"https:\/\/yukonbackcountryskiing.com\/wp-content\/uploads\/2018\/09\/White_Pass_Backcountry_Skiing_FR.jpg","contentUrl":"https:\/\/yukonbackcountryskiing.com\/wp-content\/uploads\/2018\/09\/White_Pass_Backcountry_Skiing_FR.jpg","width":539,"height":800,"caption":"Livre: White Pass Backcountry Skiing"},{"@type":"BreadcrumbList","@id":"https:\/\/yukonbackcountryskiing.com\/fr\/produit\/white-pass-a-ski\/#breadcrumb","itemListElement":[{"@type":"ListItem","position":1,"name":"Home","item":"https:\/\/yukonbackcountryskiing.com\/fr\/"},{"@type":"ListItem","position":2,"name":"Boutique","item":"https:\/\/yukonbackcountryskiing.com\/fr\/boutique\/"},{"@type":"ListItem","position":3,"name":"White Pass \u00e0 ski"}]},{"@type":"WebSite","@id":"https:\/\/yukonbackcountryskiing.com\/#website","url":"https:\/\/yukonbackcountryskiing.com\/","name":"Yukon Backcountry Skiing","description":"","publisher":{"@id":"https:\/\/yukonbackcountryskiing.com\/#organization"},"potentialAction":[{"@type":"SearchAction","target":{"@type":"EntryPoint","urlTemplate":"https:\/\/yukonbackcountryskiing.com\/?s={search_term_string}"},"query-input":{"@type":"PropertyValueSpecification","valueRequired":true,"valueName":"search_term_string"}}],"inLanguage":"fr-FR"},{"@type":"Organization","@id":"https:\/\/yukonbackcountryskiing.com\/#organization","name":"Yukon Backcountry Skiing","url":"https:\/\/yukonbackcountryskiing.com\/","logo":{"@type":"ImageObject","inLanguage":"fr-FR","@id":"https:\/\/yukonbackcountryskiing.com\/#\/schema\/logo\/image\/","url":"https:\/\/yukonbackcountryskiing.com\/wp-content\/uploads\/2018\/09\/YBS_Logo_HD.png","contentUrl":"https:\/\/yukonbackcountryskiing.com\/wp-content\/uploads\/2018\/09\/YBS_Logo_HD.png","width":1047,"height":596,"caption":"Yukon Backcountry Skiing"},"image":{"@id":"https:\/\/yukonbackcountryskiing.com\/#\/schema\/logo\/image\/"},"sameAs":["https:\/\/www.facebook.com\/yukonbackountryskiing.net\/","https:\/\/www.instagram.com\/yukonbackcountryskiing\/","https:\/\/www.youtube.com\/channel\/UCAqyCMCadso5X1jKC8jvT5w"]}]}},"_links":{"self":[{"href":"https:\/\/yukonbackcountryskiing.com\/fr\/wp-json\/wp\/v2\/product\/3812","targetHints":{"allow":["GET"]}}],"collection":[{"href":"https:\/\/yukonbackcountryskiing.com\/fr\/wp-json\/wp\/v2\/product"}],"about":[{"href":"https:\/\/yukonbackcountryskiing.com\/fr\/wp-json\/wp\/v2\/types\/product"}],"replies":[{"embeddable":true,"href":"https:\/\/yukonbackcountryskiing.com\/fr\/wp-json\/wp\/v2\/comments?post=3812"}],"wp:featuredmedia":[{"embeddable":true,"href":"https:\/\/yukonbackcountryskiing.com\/fr\/wp-json\/wp\/v2\/media\/3381"}],"wp:attachment":[{"href":"https:\/\/yukonbackcountryskiing.com\/fr\/wp-json\/wp\/v2\/media?parent=3812"}],"wp:term":[{"taxonomy":"product_brand","embeddable":true,"href":"https:\/\/yukonbackcountryskiing.com\/fr\/wp-json\/wp\/v2\/product_brand?post=3812"},{"taxonomy":"product_cat","embeddable":true,"href":"https:\/\/yukonbackcountryskiing.com\/fr\/wp-json\/wp\/v2\/product_cat?post=3812"},{"taxonomy":"product_tag","embeddable":true,"href":"https:\/\/yukonbackcountryskiing.com\/fr\/wp-json\/wp\/v2\/product_tag?post=3812"}],"curies":[{"name":"wp","href":"https:\/\/api.w.org\/{rel}","templated":true}]}}