{"id":3810,"date":"2018-09-27T09:36:59","date_gmt":"2018-09-27T16:36:59","guid":{"rendered":"http:\/\/yukonbackcountryskiing.com\/?post_type=product&#038;p=3810"},"modified":"2026-01-25T06:44:47","modified_gmt":"2026-01-25T13:44:47","slug":"haines-pass-a-ski","status":"publish","type":"product","link":"https:\/\/yukonbackcountryskiing.com\/fr\/produit\/haines-pass-a-ski\/","title":{"rendered":"Haines Pass \u00e0 ski"},"content":{"rendered":"<p>Haines Pass \u00e0 ski, 164 pages et plus de 60 itin\u00e9raires r\u00e9pertori\u00e9s et d\u00e9crits en d\u00e9tail. Comme pour White Pass \u00e0 ski, vous y trouverez toutes les infos utiles pour trouver et pr\u00e9parer les sorties qui vous conviennent le mieux.<\/p>\n","protected":false},"excerpt":{"rendered":"<p>\u00c0 3 heures 30 de route de Whitehorse, Haines Pass est un col qui relie le petit village de Haines Junction Yukon au village de Haines en Alaska. Haines est un des haut lieu de l&rsquo;h\u00e9liski mondial. La route nous permet d\u2019avoir acc\u00e8s \u00e0 de nombreux sommets, notamment au parc provincial de Tatshenshini-Alsek o\u00f9 l&rsquo;heliski n\u2019est pas autoris\u00e9..<\/p>\n","protected":false},"featured_media":3718,"comment_status":"open","ping_status":"closed","template":"","meta":[],"product_brand":[],"product_cat":[72],"product_tag":[],"class_list":{"0":"post-3810","1":"product","2":"type-product","3":"status-publish","4":"has-post-thumbnail","6":"product_cat-books-fr","7":"product_shipping_class-haines-pass-fr","8":"description-off","10":"first","11":"instock","12":"featured","13":"shipping-taxable","14":"purchasable","15":"product-type-simple"},"yoast_head":"<!-- This site is optimized with the Yoast SEO plugin v24.5 - https:\/\/yoast.com\/wordpress\/plugins\/seo\/ -->\n<title>Haines Pass \u00e0 ski &#8211; Yukon Backcountry Skiing<\/title>\n<meta name=\"robots\" content=\"index, follow, max-snippet:-1, max-image-preview:large, max-video-preview:-1\" \/>\n<link rel=\"canonical\" href=\"https:\/\/yukonbackcountryskiing.com\/fr\/produit\/haines-pass-a-ski\/\" \/>\n<meta property=\"og:locale\" content=\"fr_FR\" \/>\n<meta property=\"og:type\" content=\"article\" \/>\n<meta property=\"og:title\" content=\"Haines Pass \u00e0 ski &#8211; Yukon Backcountry Skiing\" \/>\n<meta property=\"og:description\" content=\"\u00c0 3 heures 30 de route de Whitehorse, Haines Pass est un col qui relie le petit village de Haines Junction Yukon au village de Haines en Alaska. Haines est un des haut lieu de l&#039;h\u00e9liski mondial. La route nous permet d\u2019avoir acc\u00e8s \u00e0 de nombreux sommets, notamment au parc provincial de Tatshenshini-Alsek o\u00f9 l&#039;heliski n\u2019est pas autoris\u00e9..\" \/>\n<meta property=\"og:url\" content=\"https:\/\/yukonbackcountryskiing.com\/fr\/produit\/haines-pass-a-ski\/\" \/>\n<meta property=\"og:site_name\" content=\"Yukon Backcountry Skiing\" \/>\n<meta property=\"article:publisher\" content=\"https:\/\/www.facebook.com\/yukonbackountryskiing.net\/\" \/>\n<meta property=\"article:modified_time\" content=\"2026-01-25T13:44:47+00:00\" \/>\n<meta property=\"og:image\" content=\"https:\/\/yukonbackcountryskiing.com\/wp-content\/uploads\/2018\/09\/Haines_Pass_Backcountry_Skiing_FR.jpg\" \/>\n\t<meta property=\"og:image:width\" content=\"539\" \/>\n\t<meta property=\"og:image:height\" content=\"800\" \/>\n\t<meta property=\"og:image:type\" content=\"image\/jpeg\" \/>\n<meta name=\"twitter:card\" content=\"summary_large_image\" \/>\n<script type=\"application\/ld+json\" class=\"yoast-schema-graph\">{\"@context\":\"https:\/\/schema.org\",\"@graph\":[{\"@type\":\"WebPage\",\"@id\":\"https:\/\/yukonbackcountryskiing.com\/fr\/produit\/haines-pass-a-ski\/\",\"url\":\"https:\/\/yukonbackcountryskiing.com\/fr\/produit\/haines-pass-a-ski\/\",\"name\":\"Haines Pass \u00e0 ski &#8211; Yukon Backcountry Skiing\",\"isPartOf\":{\"@id\":\"https:\/\/yukonbackcountryskiing.com\/#website\"},\"primaryImageOfPage\":{\"@id\":\"https:\/\/yukonbackcountryskiing.com\/fr\/produit\/haines-pass-a-ski\/#primaryimage\"},\"image\":{\"@id\":\"https:\/\/yukonbackcountryskiing.com\/fr\/produit\/haines-pass-a-ski\/#primaryimage\"},\"thumbnailUrl\":\"https:\/\/yukonbackcountryskiing.com\/wp-content\/uploads\/2018\/09\/Haines_Pass_Backcountry_Skiing_FR.jpg\",\"datePublished\":\"2018-09-27T16:36:59+00:00\",\"dateModified\":\"2026-01-25T13:44:47+00:00\",\"breadcrumb\":{\"@id\":\"https:\/\/yukonbackcountryskiing.com\/fr\/produit\/haines-pass-a-ski\/#breadcrumb\"},\"inLanguage\":\"fr-FR\",\"potentialAction\":[{\"@type\":\"ReadAction\",\"target\":[\"https:\/\/yukonbackcountryskiing.com\/fr\/produit\/haines-pass-a-ski\/\"]}]},{\"@type\":\"ImageObject\",\"inLanguage\":\"fr-FR\",\"@id\":\"https:\/\/yukonbackcountryskiing.com\/fr\/produit\/haines-pass-a-ski\/#primaryimage\",\"url\":\"https:\/\/yukonbackcountryskiing.com\/wp-content\/uploads\/2018\/09\/Haines_Pass_Backcountry_Skiing_FR.jpg\",\"contentUrl\":\"https:\/\/yukonbackcountryskiing.com\/wp-content\/uploads\/2018\/09\/Haines_Pass_Backcountry_Skiing_FR.jpg\",\"width\":539,\"height\":800,\"caption\":\"Livre: Haines Pass Backcountry Skiing\"},{\"@type\":\"BreadcrumbList\",\"@id\":\"https:\/\/yukonbackcountryskiing.com\/fr\/produit\/haines-pass-a-ski\/#breadcrumb\",\"itemListElement\":[{\"@type\":\"ListItem\",\"position\":1,\"name\":\"Home\",\"item\":\"https:\/\/yukonbackcountryskiing.com\/fr\/\"},{\"@type\":\"ListItem\",\"position\":2,\"name\":\"Boutique\",\"item\":\"https:\/\/yukonbackcountryskiing.com\/fr\/boutique\/\"},{\"@type\":\"ListItem\",\"position\":3,\"name\":\"Haines Pass \u00e0 ski\"}]},{\"@type\":\"WebSite\",\"@id\":\"https:\/\/yukonbackcountryskiing.com\/#website\",\"url\":\"https:\/\/yukonbackcountryskiing.com\/\",\"name\":\"Yukon Backcountry Skiing\",\"description\":\"\",\"publisher\":{\"@id\":\"https:\/\/yukonbackcountryskiing.com\/#organization\"},\"potentialAction\":[{\"@type\":\"SearchAction\",\"target\":{\"@type\":\"EntryPoint\",\"urlTemplate\":\"https:\/\/yukonbackcountryskiing.com\/?s={search_term_string}\"},\"query-input\":{\"@type\":\"PropertyValueSpecification\",\"valueRequired\":true,\"valueName\":\"search_term_string\"}}],\"inLanguage\":\"fr-FR\"},{\"@type\":\"Organization\",\"@id\":\"https:\/\/yukonbackcountryskiing.com\/#organization\",\"name\":\"Yukon Backcountry Skiing\",\"url\":\"https:\/\/yukonbackcountryskiing.com\/\",\"logo\":{\"@type\":\"ImageObject\",\"inLanguage\":\"fr-FR\",\"@id\":\"https:\/\/yukonbackcountryskiing.com\/#\/schema\/logo\/image\/\",\"url\":\"https:\/\/yukonbackcountryskiing.com\/wp-content\/uploads\/2018\/09\/YBS_Logo_HD.png\",\"contentUrl\":\"https:\/\/yukonbackcountryskiing.com\/wp-content\/uploads\/2018\/09\/YBS_Logo_HD.png\",\"width\":1047,\"height\":596,\"caption\":\"Yukon Backcountry Skiing\"},\"image\":{\"@id\":\"https:\/\/yukonbackcountryskiing.com\/#\/schema\/logo\/image\/\"},\"sameAs\":[\"https:\/\/www.facebook.com\/yukonbackountryskiing.net\/\",\"https:\/\/www.instagram.com\/yukonbackcountryskiing\/\",\"https:\/\/www.youtube.com\/channel\/UCAqyCMCadso5X1jKC8jvT5w\"]}]}<\/script>\n<!-- \/ Yoast SEO plugin. -->","yoast_head_json":{"title":"Haines Pass \u00e0 ski &#8211; Yukon Backcountry Skiing","robots":{"index":"index","follow":"follow","max-snippet":"max-snippet:-1","max-image-preview":"max-image-preview:large","max-video-preview":"max-video-preview:-1"},"canonical":"https:\/\/yukonbackcountryskiing.com\/fr\/produit\/haines-pass-a-ski\/","og_locale":"fr_FR","og_type":"article","og_title":"Haines Pass \u00e0 ski &#8211; Yukon Backcountry Skiing","og_description":"\u00c0 3 heures 30 de route de Whitehorse, Haines Pass est un col qui relie le petit village de Haines Junction Yukon au village de Haines en Alaska. Haines est un des haut lieu de l'h\u00e9liski mondial. La route nous permet d\u2019avoir acc\u00e8s \u00e0 de nombreux sommets, notamment au parc provincial de Tatshenshini-Alsek o\u00f9 l'heliski n\u2019est pas autoris\u00e9..","og_url":"https:\/\/yukonbackcountryskiing.com\/fr\/produit\/haines-pass-a-ski\/","og_site_name":"Yukon Backcountry Skiing","article_publisher":"https:\/\/www.facebook.com\/yukonbackountryskiing.net\/","article_modified_time":"2026-01-25T13:44:47+00:00","og_image":[{"width":539,"height":800,"url":"https:\/\/yukonbackcountryskiing.com\/wp-content\/uploads\/2018\/09\/Haines_Pass_Backcountry_Skiing_FR.jpg","type":"image\/jpeg"}],"twitter_card":"summary_large_image","schema":{"@context":"https:\/\/schema.org","@graph":[{"@type":"WebPage","@id":"https:\/\/yukonbackcountryskiing.com\/fr\/produit\/haines-pass-a-ski\/","url":"https:\/\/yukonbackcountryskiing.com\/fr\/produit\/haines-pass-a-ski\/","name":"Haines Pass \u00e0 ski &#8211; Yukon Backcountry Skiing","isPartOf":{"@id":"https:\/\/yukonbackcountryskiing.com\/#website"},"primaryImageOfPage":{"@id":"https:\/\/yukonbackcountryskiing.com\/fr\/produit\/haines-pass-a-ski\/#primaryimage"},"image":{"@id":"https:\/\/yukonbackcountryskiing.com\/fr\/produit\/haines-pass-a-ski\/#primaryimage"},"thumbnailUrl":"https:\/\/yukonbackcountryskiing.com\/wp-content\/uploads\/2018\/09\/Haines_Pass_Backcountry_Skiing_FR.jpg","datePublished":"2018-09-27T16:36:59+00:00","dateModified":"2026-01-25T13:44:47+00:00","breadcrumb":{"@id":"https:\/\/yukonbackcountryskiing.com\/fr\/produit\/haines-pass-a-ski\/#breadcrumb"},"inLanguage":"fr-FR","potentialAction":[{"@type":"ReadAction","target":["https:\/\/yukonbackcountryskiing.com\/fr\/produit\/haines-pass-a-ski\/"]}]},{"@type":"ImageObject","inLanguage":"fr-FR","@id":"https:\/\/yukonbackcountryskiing.com\/fr\/produit\/haines-pass-a-ski\/#primaryimage","url":"https:\/\/yukonbackcountryskiing.com\/wp-content\/uploads\/2018\/09\/Haines_Pass_Backcountry_Skiing_FR.jpg","contentUrl":"https:\/\/yukonbackcountryskiing.com\/wp-content\/uploads\/2018\/09\/Haines_Pass_Backcountry_Skiing_FR.jpg","width":539,"height":800,"caption":"Livre: Haines Pass Backcountry Skiing"},{"@type":"BreadcrumbList","@id":"https:\/\/yukonbackcountryskiing.com\/fr\/produit\/haines-pass-a-ski\/#breadcrumb","itemListElement":[{"@type":"ListItem","position":1,"name":"Home","item":"https:\/\/yukonbackcountryskiing.com\/fr\/"},{"@type":"ListItem","position":2,"name":"Boutique","item":"https:\/\/yukonbackcountryskiing.com\/fr\/boutique\/"},{"@type":"ListItem","position":3,"name":"Haines Pass \u00e0 ski"}]},{"@type":"WebSite","@id":"https:\/\/yukonbackcountryskiing.com\/#website","url":"https:\/\/yukonbackcountryskiing.com\/","name":"Yukon Backcountry Skiing","description":"","publisher":{"@id":"https:\/\/yukonbackcountryskiing.com\/#organization"},"potentialAction":[{"@type":"SearchAction","target":{"@type":"EntryPoint","urlTemplate":"https:\/\/yukonbackcountryskiing.com\/?s={search_term_string}"},"query-input":{"@type":"PropertyValueSpecification","valueRequired":true,"valueName":"search_term_string"}}],"inLanguage":"fr-FR"},{"@type":"Organization","@id":"https:\/\/yukonbackcountryskiing.com\/#organization","name":"Yukon Backcountry Skiing","url":"https:\/\/yukonbackcountryskiing.com\/","logo":{"@type":"ImageObject","inLanguage":"fr-FR","@id":"https:\/\/yukonbackcountryskiing.com\/#\/schema\/logo\/image\/","url":"https:\/\/yukonbackcountryskiing.com\/wp-content\/uploads\/2018\/09\/YBS_Logo_HD.png","contentUrl":"https:\/\/yukonbackcountryskiing.com\/wp-content\/uploads\/2018\/09\/YBS_Logo_HD.png","width":1047,"height":596,"caption":"Yukon Backcountry Skiing"},"image":{"@id":"https:\/\/yukonbackcountryskiing.com\/#\/schema\/logo\/image\/"},"sameAs":["https:\/\/www.facebook.com\/yukonbackountryskiing.net\/","https:\/\/www.instagram.com\/yukonbackcountryskiing\/","https:\/\/www.youtube.com\/channel\/UCAqyCMCadso5X1jKC8jvT5w"]}]}},"_links":{"self":[{"href":"https:\/\/yukonbackcountryskiing.com\/fr\/wp-json\/wp\/v2\/product\/3810","targetHints":{"allow":["GET"]}}],"collection":[{"href":"https:\/\/yukonbackcountryskiing.com\/fr\/wp-json\/wp\/v2\/product"}],"about":[{"href":"https:\/\/yukonbackcountryskiing.com\/fr\/wp-json\/wp\/v2\/types\/product"}],"replies":[{"embeddable":true,"href":"https:\/\/yukonbackcountryskiing.com\/fr\/wp-json\/wp\/v2\/comments?post=3810"}],"wp:featuredmedia":[{"embeddable":true,"href":"https:\/\/yukonbackcountryskiing.com\/fr\/wp-json\/wp\/v2\/media\/3718"}],"wp:attachment":[{"href":"https:\/\/yukonbackcountryskiing.com\/fr\/wp-json\/wp\/v2\/media?parent=3810"}],"wp:term":[{"taxonomy":"product_brand","embeddable":true,"href":"https:\/\/yukonbackcountryskiing.com\/fr\/wp-json\/wp\/v2\/product_brand?post=3810"},{"taxonomy":"product_cat","embeddable":true,"href":"https:\/\/yukonbackcountryskiing.com\/fr\/wp-json\/wp\/v2\/product_cat?post=3810"},{"taxonomy":"product_tag","embeddable":true,"href":"https:\/\/yukonbackcountryskiing.com\/fr\/wp-json\/wp\/v2\/product_tag?post=3810"}],"curies":[{"name":"wp","href":"https:\/\/api.w.org\/{rel}","templated":true}]}}