{"id":3786,"date":"2011-04-08T20:05:00","date_gmt":"2011-04-09T03:05:00","guid":{"rendered":"http:\/\/yukonbackcountryskiing.com\/partners\/"},"modified":"2022-12-06T13:05:07","modified_gmt":"2022-12-06T20:05:07","slug":"partenaires","status":"publish","type":"page","link":"https:\/\/yukonbackcountryskiing.com\/fr\/partenaires\/","title":{"rendered":"Partenaires"},"content":{"rendered":"<div class=\"wpb-content-wrapper\"><p>[vc_row css=&nbsp;&raquo;.vc_custom_1537987624740{margin-bottom: 4em !important;}&nbsp;&raquo;][vc_column][vc_column_text]<\/p>\n<h4 style=\"text-align: center;\">Je tiens \u00e0 remercier particuli\u00e8rement les partenaires qui me soutiennent depuis maintenant plusieurs ann\u00e9es. Merci pour leur confiance et leur aide pour r\u00e9aliser mes divers projets.<\/h4>\n<p>[\/vc_column_text][\/vc_column][\/vc_row][vc_row css=&nbsp;&raquo;.vc_custom_1537987167053{margin-top: 2em !important;margin-bottom: 2em !important;}&nbsp;&raquo;][vc_column width=&nbsp;&raquo;1\/3&Prime;][vc_single_image image=&nbsp;&raquo;3458&Prime; img_size=&nbsp;&raquo;full&nbsp;&raquo; alignment=&nbsp;&raquo;center&nbsp;&raquo; onclick=&nbsp;&raquo;custom_link&nbsp;&raquo; img_link_target=&nbsp;&raquo;_blank&nbsp;&raquo; link=&nbsp;&raquo;https:\/\/www.fixation-plum.com\/&nbsp;&raquo;][\/vc_column][vc_column width=&nbsp;&raquo;1\/3&Prime;][vc_single_image image=&nbsp;&raquo;3464&Prime; img_size=&nbsp;&raquo;full&nbsp;&raquo; alignment=&nbsp;&raquo;center&nbsp;&raquo; onclick=&nbsp;&raquo;custom_link&nbsp;&raquo; img_link_target=&nbsp;&raquo;_blank&nbsp;&raquo; link=&nbsp;&raquo;https:\/\/www.zagskis.com\/&nbsp;&raquo;][\/vc_column][vc_column width=&nbsp;&raquo;1\/3&Prime;][vc_single_image image=&nbsp;&raquo;3499&Prime; img_size=&nbsp;&raquo;full&nbsp;&raquo; alignment=&nbsp;&raquo;center&nbsp;&raquo; onclick=&nbsp;&raquo;custom_link&nbsp;&raquo; img_link_target=&nbsp;&raquo;_blank&nbsp;&raquo; link=&nbsp;&raquo;https:\/\/nicolasdory.com\/&nbsp;&raquo;][\/vc_column][\/vc_row][vc_row css=&nbsp;&raquo;.vc_custom_1537987167053{margin-top: 2em !important;margin-bottom: 2em !important;}&nbsp;&raquo;][vc_column width=&nbsp;&raquo;1\/3&Prime;][vc_single_image image=&nbsp;&raquo;3452&Prime; img_size=&nbsp;&raquo;full&nbsp;&raquo; alignment=&nbsp;&raquo;center&nbsp;&raquo; onclick=&nbsp;&raquo;custom_link&nbsp;&raquo; img_link_target=&nbsp;&raquo;_blank&nbsp;&raquo; link=&nbsp;&raquo;http:\/\/alayuk.com\/&nbsp;&raquo;][\/vc_column][vc_column width=&nbsp;&raquo;1\/3&Prime;][vc_single_image image=&nbsp;&raquo;3493&Prime; img_size=&nbsp;&raquo;full&nbsp;&raquo; alignment=&nbsp;&raquo;center&nbsp;&raquo;][\/vc_column][vc_column width=&nbsp;&raquo;1\/3&Prime;][vc_single_image image=&nbsp;&raquo;9417&Prime; img_size=&nbsp;&raquo;full&nbsp;&raquo; alignment=&nbsp;&raquo;center&nbsp;&raquo; onclick=&nbsp;&raquo;custom_link&nbsp;&raquo; img_link_target=&nbsp;&raquo;_blank&nbsp;&raquo; link=&nbsp;&raquo;https:\/\/www.bolle.com\/fr\/?gclid=Cj0KCQiA7bucBhCeARIsAIOwr&#8211;SnI9onqLp3KsVKY76lMnkcufFTa4EzD9AggYPnCdIsdBEcaSYrw4aAvHfEALw_wcB&nbsp;&raquo;][\/vc_column][\/vc_row][vc_row css=&nbsp;&raquo;.vc_custom_1537987604596{margin-top: 4em !important;}&nbsp;&raquo;][vc_column width=&nbsp;&raquo;1\/3&Prime;][vc_column_text]<a href=\"https:\/\/us.arva-equipment.com\" target=\"_blank\" rel=\"attachment noopener wp-att-5220 noreferrer\"><img decoding=\"async\" class=\"aligncenter wp-image-5220 size-full\" src=\"https:\/\/yukonbackcountryskiing.com\/wp-content\/uploads\/2020\/10\/LOG_ARVA_WEB-1.png\" alt=\"\" width=\"586\" height=\"202\" srcset=\"https:\/\/yukonbackcountryskiing.com\/wp-content\/uploads\/2020\/10\/LOG_ARVA_WEB-1.png 586w, https:\/\/yukonbackcountryskiing.com\/wp-content\/uploads\/2020\/10\/LOG_ARVA_WEB-1-300x103.png 300w\" sizes=\"(max-width: 586px) 100vw, 586px\" \/><\/a>[\/vc_column_text][\/vc_column][vc_column width=&nbsp;&raquo;1\/3&Prime;][vc_single_image image=&nbsp;&raquo;9426&Prime; onclick=&nbsp;&raquo;custom_link&nbsp;&raquo; link=&nbsp;&raquo;https:\/\/coastmountaincollective.ca&nbsp;&raquo;][\/vc_column][vc_column width=&nbsp;&raquo;1\/3&Prime;][\/vc_column][\/vc_row][vc_row][vc_column][vc_column_text]<\/p>\n<h4 style=\"text-align: center;\">Si vous \u00eates int\u00e9ress\u00e9 pour devenir un partenaire, n&rsquo;h\u00e9sitez pas \u00e0 me contacter et nous pourrons voir comment vous pourrez m&rsquo;aider.<\/h4>\n<p>[\/vc_column_text][\/vc_column][\/vc_row]<\/p>\n<\/div>","protected":false},"excerpt":{"rendered":"<p>[vc_row css=&nbsp;&raquo;.vc_custom_1537987624740{margin-bottom: 4em !important;}&nbsp;&raquo;][vc_column][vc_column_text] Je tiens \u00e0 remercier particuli\u00e8rement les partenaires qui me soutiennent depuis maintenant plusieurs ann\u00e9es. Merci pour leur confiance et leur aide pour r\u00e9aliser mes divers projets. [\/vc_column_text][\/vc_column][\/vc_row][vc_row css=&nbsp;&raquo;.vc_custom_1537987167053{margin-top: 2em !important;margin-bottom: 2em !important;}&nbsp;&raquo;][vc_column width=&nbsp;&raquo;1\/3&Prime;][vc_single_image image=&nbsp;&raquo;3458&Prime; img_size=&nbsp;&raquo;full&nbsp;&raquo; alignment=&nbsp;&raquo;center&nbsp;&raquo; onclick=&nbsp;&raquo;custom_link&nbsp;&raquo; img_link_target=&nbsp;&raquo;_blank&nbsp;&raquo; link=&nbsp;&raquo;https:\/\/www.fixation-plum.com\/&nbsp;&raquo;][\/vc_column][vc_column width=&nbsp;&raquo;1\/3&Prime;][vc_single_image image=&nbsp;&raquo;3464&Prime; img_size=&nbsp;&raquo;full&nbsp;&raquo; alignment=&nbsp;&raquo;center&nbsp;&raquo; onclick=&nbsp;&raquo;custom_link&nbsp;&raquo; img_link_target=&nbsp;&raquo;_blank&nbsp;&raquo; link=&nbsp;&raquo;https:\/\/www.zagskis.com\/&nbsp;&raquo;][\/vc_column][vc_column width=&nbsp;&raquo;1\/3&Prime;][vc_single_image image=&nbsp;&raquo;3499&Prime; img_size=&nbsp;&raquo;full&nbsp;&raquo; alignment=&nbsp;&raquo;center&nbsp;&raquo; onclick=&nbsp;&raquo;custom_link&nbsp;&raquo;&hellip;<\/p>\n","protected":false},"author":1,"featured_media":0,"parent":0,"menu_order":7,"comment_status":"closed","ping_status":"closed","template":"","meta":{"footnotes":""},"class_list":["post-3786","page","type-page","status-publish","hentry","description-off"],"yoast_head":"<!-- This site is optimized with the Yoast SEO plugin v24.5 - https:\/\/yoast.com\/wordpress\/plugins\/seo\/ -->\n<title>Partenaires &#8211; Yukon Backcountry Skiing<\/title>\n<meta name=\"robots\" content=\"index, follow, max-snippet:-1, max-image-preview:large, max-video-preview:-1\" \/>\n<link rel=\"canonical\" href=\"https:\/\/yukonbackcountryskiing.com\/fr\/partenaires\/\" \/>\n<meta property=\"og:locale\" content=\"fr_FR\" \/>\n<meta property=\"og:type\" content=\"article\" \/>\n<meta property=\"og:title\" content=\"Partenaires &#8211; Yukon Backcountry Skiing\" \/>\n<meta property=\"og:description\" content=\"[vc_row css=&nbsp;&raquo;.vc_custom_1537987624740{margin-bottom: 4em !important;}&nbsp;&raquo;][vc_column][vc_column_text] Je tiens \u00e0 remercier particuli\u00e8rement les partenaires qui me soutiennent depuis maintenant plusieurs ann\u00e9es. Merci pour leur confiance et leur aide pour r\u00e9aliser mes divers projets. [\/vc_column_text][\/vc_column][\/vc_row][vc_row css=&nbsp;&raquo;.vc_custom_1537987167053{margin-top: 2em !important;margin-bottom: 2em !important;}&nbsp;&raquo;][vc_column width=&nbsp;&raquo;1\/3&Prime;][vc_single_image image=&nbsp;&raquo;3458&Prime; img_size=&nbsp;&raquo;full&nbsp;&raquo; alignment=&nbsp;&raquo;center&nbsp;&raquo; onclick=&nbsp;&raquo;custom_link&nbsp;&raquo; img_link_target=&nbsp;&raquo;_blank&nbsp;&raquo; link=&nbsp;&raquo;https:\/\/www.fixation-plum.com\/&nbsp;&raquo;][\/vc_column][vc_column width=&nbsp;&raquo;1\/3&Prime;][vc_single_image image=&nbsp;&raquo;3464&Prime; img_size=&nbsp;&raquo;full&nbsp;&raquo; alignment=&nbsp;&raquo;center&nbsp;&raquo; onclick=&nbsp;&raquo;custom_link&nbsp;&raquo; img_link_target=&nbsp;&raquo;_blank&nbsp;&raquo; link=&nbsp;&raquo;https:\/\/www.zagskis.com\/&nbsp;&raquo;][\/vc_column][vc_column width=&nbsp;&raquo;1\/3&Prime;][vc_single_image image=&nbsp;&raquo;3499&Prime; img_size=&nbsp;&raquo;full&nbsp;&raquo; alignment=&nbsp;&raquo;center&nbsp;&raquo; onclick=&nbsp;&raquo;custom_link&nbsp;&raquo;&hellip;\" \/>\n<meta property=\"og:url\" content=\"https:\/\/yukonbackcountryskiing.com\/fr\/partenaires\/\" \/>\n<meta property=\"og:site_name\" content=\"Yukon Backcountry Skiing\" \/>\n<meta property=\"article:publisher\" content=\"https:\/\/www.facebook.com\/yukonbackountryskiing.net\/\" \/>\n<meta property=\"article:modified_time\" content=\"2022-12-06T20:05:07+00:00\" \/>\n<meta property=\"og:image\" content=\"https:\/\/yukonbackcountryskiing.com\/wp-content\/uploads\/2020\/10\/LOG_ARVA_WEB-1.png\" \/>\n<meta name=\"twitter:card\" content=\"summary_large_image\" \/>\n<meta name=\"twitter:label1\" content=\"Dur\u00e9e de lecture estim\u00e9e\" \/>\n\t<meta name=\"twitter:data1\" content=\"1 minute\" \/>\n<script type=\"application\/ld+json\" class=\"yoast-schema-graph\">{\"@context\":\"https:\/\/schema.org\",\"@graph\":[{\"@type\":\"WebPage\",\"@id\":\"https:\/\/yukonbackcountryskiing.com\/fr\/partenaires\/\",\"url\":\"https:\/\/yukonbackcountryskiing.com\/fr\/partenaires\/\",\"name\":\"Partenaires &#8211; Yukon Backcountry Skiing\",\"isPartOf\":{\"@id\":\"https:\/\/yukonbackcountryskiing.com\/#website\"},\"primaryImageOfPage\":{\"@id\":\"https:\/\/yukonbackcountryskiing.com\/fr\/partenaires\/#primaryimage\"},\"image\":{\"@id\":\"https:\/\/yukonbackcountryskiing.com\/fr\/partenaires\/#primaryimage\"},\"thumbnailUrl\":\"https:\/\/yukonbackcountryskiing.com\/wp-content\/uploads\/2020\/10\/LOG_ARVA_WEB-1.png\",\"datePublished\":\"2011-04-09T03:05:00+00:00\",\"dateModified\":\"2022-12-06T20:05:07+00:00\",\"breadcrumb\":{\"@id\":\"https:\/\/yukonbackcountryskiing.com\/fr\/partenaires\/#breadcrumb\"},\"inLanguage\":\"fr-FR\",\"potentialAction\":[{\"@type\":\"ReadAction\",\"target\":[\"https:\/\/yukonbackcountryskiing.com\/fr\/partenaires\/\"]}]},{\"@type\":\"ImageObject\",\"inLanguage\":\"fr-FR\",\"@id\":\"https:\/\/yukonbackcountryskiing.com\/fr\/partenaires\/#primaryimage\",\"url\":\"https:\/\/yukonbackcountryskiing.com\/wp-content\/uploads\/2020\/10\/LOG_ARVA_WEB-1.png\",\"contentUrl\":\"https:\/\/yukonbackcountryskiing.com\/wp-content\/uploads\/2020\/10\/LOG_ARVA_WEB-1.png\"},{\"@type\":\"BreadcrumbList\",\"@id\":\"https:\/\/yukonbackcountryskiing.com\/fr\/partenaires\/#breadcrumb\",\"itemListElement\":[{\"@type\":\"ListItem\",\"position\":1,\"name\":\"Home\",\"item\":\"https:\/\/yukonbackcountryskiing.com\/fr\/\"},{\"@type\":\"ListItem\",\"position\":2,\"name\":\"Partenaires\"}]},{\"@type\":\"WebSite\",\"@id\":\"https:\/\/yukonbackcountryskiing.com\/#website\",\"url\":\"https:\/\/yukonbackcountryskiing.com\/\",\"name\":\"Yukon Backcountry Skiing\",\"description\":\"\",\"publisher\":{\"@id\":\"https:\/\/yukonbackcountryskiing.com\/#organization\"},\"potentialAction\":[{\"@type\":\"SearchAction\",\"target\":{\"@type\":\"EntryPoint\",\"urlTemplate\":\"https:\/\/yukonbackcountryskiing.com\/?s={search_term_string}\"},\"query-input\":{\"@type\":\"PropertyValueSpecification\",\"valueRequired\":true,\"valueName\":\"search_term_string\"}}],\"inLanguage\":\"fr-FR\"},{\"@type\":\"Organization\",\"@id\":\"https:\/\/yukonbackcountryskiing.com\/#organization\",\"name\":\"Yukon Backcountry Skiing\",\"url\":\"https:\/\/yukonbackcountryskiing.com\/\",\"logo\":{\"@type\":\"ImageObject\",\"inLanguage\":\"fr-FR\",\"@id\":\"https:\/\/yukonbackcountryskiing.com\/#\/schema\/logo\/image\/\",\"url\":\"https:\/\/yukonbackcountryskiing.com\/wp-content\/uploads\/2018\/09\/YBS_Logo_HD.png\",\"contentUrl\":\"https:\/\/yukonbackcountryskiing.com\/wp-content\/uploads\/2018\/09\/YBS_Logo_HD.png\",\"width\":1047,\"height\":596,\"caption\":\"Yukon Backcountry Skiing\"},\"image\":{\"@id\":\"https:\/\/yukonbackcountryskiing.com\/#\/schema\/logo\/image\/\"},\"sameAs\":[\"https:\/\/www.facebook.com\/yukonbackountryskiing.net\/\",\"https:\/\/www.instagram.com\/yukonbackcountryskiing\/\",\"https:\/\/www.youtube.com\/channel\/UCAqyCMCadso5X1jKC8jvT5w\"]}]}<\/script>\n<!-- \/ Yoast SEO plugin. -->","yoast_head_json":{"title":"Partenaires &#8211; Yukon Backcountry Skiing","robots":{"index":"index","follow":"follow","max-snippet":"max-snippet:-1","max-image-preview":"max-image-preview:large","max-video-preview":"max-video-preview:-1"},"canonical":"https:\/\/yukonbackcountryskiing.com\/fr\/partenaires\/","og_locale":"fr_FR","og_type":"article","og_title":"Partenaires &#8211; Yukon Backcountry Skiing","og_description":"[vc_row css=&nbsp;&raquo;.vc_custom_1537987624740{margin-bottom: 4em !important;}&nbsp;&raquo;][vc_column][vc_column_text] Je tiens \u00e0 remercier particuli\u00e8rement les partenaires qui me soutiennent depuis maintenant plusieurs ann\u00e9es. Merci pour leur confiance et leur aide pour r\u00e9aliser mes divers projets. [\/vc_column_text][\/vc_column][\/vc_row][vc_row css=&nbsp;&raquo;.vc_custom_1537987167053{margin-top: 2em !important;margin-bottom: 2em !important;}&nbsp;&raquo;][vc_column width=&nbsp;&raquo;1\/3&Prime;][vc_single_image image=&nbsp;&raquo;3458&Prime; img_size=&nbsp;&raquo;full&nbsp;&raquo; alignment=&nbsp;&raquo;center&nbsp;&raquo; onclick=&nbsp;&raquo;custom_link&nbsp;&raquo; img_link_target=&nbsp;&raquo;_blank&nbsp;&raquo; link=&nbsp;&raquo;https:\/\/www.fixation-plum.com\/&nbsp;&raquo;][\/vc_column][vc_column width=&nbsp;&raquo;1\/3&Prime;][vc_single_image image=&nbsp;&raquo;3464&Prime; img_size=&nbsp;&raquo;full&nbsp;&raquo; alignment=&nbsp;&raquo;center&nbsp;&raquo; onclick=&nbsp;&raquo;custom_link&nbsp;&raquo; img_link_target=&nbsp;&raquo;_blank&nbsp;&raquo; link=&nbsp;&raquo;https:\/\/www.zagskis.com\/&nbsp;&raquo;][\/vc_column][vc_column width=&nbsp;&raquo;1\/3&Prime;][vc_single_image image=&nbsp;&raquo;3499&Prime; img_size=&nbsp;&raquo;full&nbsp;&raquo; alignment=&nbsp;&raquo;center&nbsp;&raquo; onclick=&nbsp;&raquo;custom_link&nbsp;&raquo;&hellip;","og_url":"https:\/\/yukonbackcountryskiing.com\/fr\/partenaires\/","og_site_name":"Yukon Backcountry Skiing","article_publisher":"https:\/\/www.facebook.com\/yukonbackountryskiing.net\/","article_modified_time":"2022-12-06T20:05:07+00:00","og_image":[{"url":"https:\/\/yukonbackcountryskiing.com\/wp-content\/uploads\/2020\/10\/LOG_ARVA_WEB-1.png","type":"","width":"","height":""}],"twitter_card":"summary_large_image","twitter_misc":{"Dur\u00e9e de lecture estim\u00e9e":"1 minute"},"schema":{"@context":"https:\/\/schema.org","@graph":[{"@type":"WebPage","@id":"https:\/\/yukonbackcountryskiing.com\/fr\/partenaires\/","url":"https:\/\/yukonbackcountryskiing.com\/fr\/partenaires\/","name":"Partenaires &#8211; Yukon Backcountry Skiing","isPartOf":{"@id":"https:\/\/yukonbackcountryskiing.com\/#website"},"primaryImageOfPage":{"@id":"https:\/\/yukonbackcountryskiing.com\/fr\/partenaires\/#primaryimage"},"image":{"@id":"https:\/\/yukonbackcountryskiing.com\/fr\/partenaires\/#primaryimage"},"thumbnailUrl":"https:\/\/yukonbackcountryskiing.com\/wp-content\/uploads\/2020\/10\/LOG_ARVA_WEB-1.png","datePublished":"2011-04-09T03:05:00+00:00","dateModified":"2022-12-06T20:05:07+00:00","breadcrumb":{"@id":"https:\/\/yukonbackcountryskiing.com\/fr\/partenaires\/#breadcrumb"},"inLanguage":"fr-FR","potentialAction":[{"@type":"ReadAction","target":["https:\/\/yukonbackcountryskiing.com\/fr\/partenaires\/"]}]},{"@type":"ImageObject","inLanguage":"fr-FR","@id":"https:\/\/yukonbackcountryskiing.com\/fr\/partenaires\/#primaryimage","url":"https:\/\/yukonbackcountryskiing.com\/wp-content\/uploads\/2020\/10\/LOG_ARVA_WEB-1.png","contentUrl":"https:\/\/yukonbackcountryskiing.com\/wp-content\/uploads\/2020\/10\/LOG_ARVA_WEB-1.png"},{"@type":"BreadcrumbList","@id":"https:\/\/yukonbackcountryskiing.com\/fr\/partenaires\/#breadcrumb","itemListElement":[{"@type":"ListItem","position":1,"name":"Home","item":"https:\/\/yukonbackcountryskiing.com\/fr\/"},{"@type":"ListItem","position":2,"name":"Partenaires"}]},{"@type":"WebSite","@id":"https:\/\/yukonbackcountryskiing.com\/#website","url":"https:\/\/yukonbackcountryskiing.com\/","name":"Yukon Backcountry Skiing","description":"","publisher":{"@id":"https:\/\/yukonbackcountryskiing.com\/#organization"},"potentialAction":[{"@type":"SearchAction","target":{"@type":"EntryPoint","urlTemplate":"https:\/\/yukonbackcountryskiing.com\/?s={search_term_string}"},"query-input":{"@type":"PropertyValueSpecification","valueRequired":true,"valueName":"search_term_string"}}],"inLanguage":"fr-FR"},{"@type":"Organization","@id":"https:\/\/yukonbackcountryskiing.com\/#organization","name":"Yukon Backcountry Skiing","url":"https:\/\/yukonbackcountryskiing.com\/","logo":{"@type":"ImageObject","inLanguage":"fr-FR","@id":"https:\/\/yukonbackcountryskiing.com\/#\/schema\/logo\/image\/","url":"https:\/\/yukonbackcountryskiing.com\/wp-content\/uploads\/2018\/09\/YBS_Logo_HD.png","contentUrl":"https:\/\/yukonbackcountryskiing.com\/wp-content\/uploads\/2018\/09\/YBS_Logo_HD.png","width":1047,"height":596,"caption":"Yukon Backcountry Skiing"},"image":{"@id":"https:\/\/yukonbackcountryskiing.com\/#\/schema\/logo\/image\/"},"sameAs":["https:\/\/www.facebook.com\/yukonbackountryskiing.net\/","https:\/\/www.instagram.com\/yukonbackcountryskiing\/","https:\/\/www.youtube.com\/channel\/UCAqyCMCadso5X1jKC8jvT5w"]}]}},"_links":{"self":[{"href":"https:\/\/yukonbackcountryskiing.com\/fr\/wp-json\/wp\/v2\/pages\/3786","targetHints":{"allow":["GET"]}}],"collection":[{"href":"https:\/\/yukonbackcountryskiing.com\/fr\/wp-json\/wp\/v2\/pages"}],"about":[{"href":"https:\/\/yukonbackcountryskiing.com\/fr\/wp-json\/wp\/v2\/types\/page"}],"author":[{"embeddable":true,"href":"https:\/\/yukonbackcountryskiing.com\/fr\/wp-json\/wp\/v2\/users\/1"}],"replies":[{"embeddable":true,"href":"https:\/\/yukonbackcountryskiing.com\/fr\/wp-json\/wp\/v2\/comments?post=3786"}],"version-history":[{"count":0,"href":"https:\/\/yukonbackcountryskiing.com\/fr\/wp-json\/wp\/v2\/pages\/3786\/revisions"}],"wp:attachment":[{"href":"https:\/\/yukonbackcountryskiing.com\/fr\/wp-json\/wp\/v2\/media?parent=3786"}],"curies":[{"name":"wp","href":"https:\/\/api.w.org\/{rel}","templated":true}]}}