{"id":3783,"date":"2011-12-19T21:58:53","date_gmt":"2011-12-20T04:58:53","guid":{"rendered":"http:\/\/yukonbackcountryskiing.com\/links\/"},"modified":"2025-04-04T11:40:25","modified_gmt":"2025-04-04T18:40:25","slug":"liens","status":"publish","type":"page","link":"https:\/\/yukonbackcountryskiing.com\/fr\/liens\/","title":{"rendered":"Liens utiles"},"content":{"rendered":"<div class=\"wpb-content-wrapper\"><p>[vc_row][vc_column width=&nbsp;&raquo;1\/2&Prime;][vc_column_text]<\/p>\n<h2>Avalanches<\/h2>\n<ul>\n<li><a href=\"https:\/\/www.avalanche.ca\">Avalanche canada<\/a><\/li>\n<li><a href=\"https:\/\/alaskasnow.org\/haines-hac\/\">Haines Avalanche Center<\/a><\/li>\n<li><a href=\"http:\/\/www.yukonavalanche.ca\/index.php\">Yukon Avalanche Association<\/a><\/li>\n<li>More about avalanches :<\/li>\n<li><a href=\"http:\/\/www.avalanche.org\/\">Avalanche.org<\/a><\/li>\n<li><a href=\"http:\/\/avtraining.org\/\">Avalanche training<\/a><\/li>\n<\/ul>\n<h2><strong>\u00a0M\u00e9t\u00e9o<\/strong><\/h2>\n<ul>\n<li><a href=\"https:\/\/meteo.gc.ca\/forecast\/public_bulletins_f.html?Bulletin=fpcn69.cwvr\">Bulletin meteo route Haines Pass et de White Pass (en francais)<\/a><\/li>\n<li><a href=\"https:\/\/avalanche.ca\/map\">Stations m\u00e9t\u00e9o du Yukon<\/a><\/li>\n<li><a title=\"Weather Stations in Alaska\" href=\"http:\/\/mesowest.utah.edu\/cgi-bin\/droman\/mesomap.cgi?state=AKCC&amp;rawsflag=3\">Stations m\u00e9t\u00e9o en Alaska<\/a><\/li>\n<li><a href=\"https:\/\/alaskasnow.org\/weather-station-map\/#\/\">Station m\u00e9t\u00e9o White Pass \u00a0Alaska (Cne Moore Bridge)<\/a><\/li>\n<li><a href=\"http:\/\/www.atmos.washington.edu\/~ovens\/loops\/wxloop.cgi?mm5d1_pcp3+\/\/\/3\">precipitations<\/a><\/li>\n<li><a href=\"https:\/\/spotwx.com\/?fbclid=IwAR0ciULfLqxYO-5-dN9WkDX45cHQtKE1_xYDNYGFPNEUcL4FkUkAWzrugw0\">SpotWX<\/a><\/li>\n<li><a href=\"https:\/\/forecast.weather.gov\/MapClick.php?lat=59.4602&amp;lon=-135.3169\">Bulletin m\u00e9t\u00e9o pour Skagway<\/a><\/li>\n<li><a href=\"http:\/\/avcams.faa.gov\/#\">Webcam Alaska including Skagway and Haines<\/a><\/li>\n<li><a href=\"http:\/\/511.alaska.gov\/alaska511\/mappingcomponent\/\" target=\"_blank\" rel=\"noopener noreferrer\">White Pass webcam<\/a><\/li>\n<li><a href=\"http:\/\/www.metcam.navcanada.ca\/dawc\/hb\/player.jsp?id=51&amp;cam=116&amp;lang=e\">Webcam White Pass, Fraser<\/a><\/li>\n<li><a href=\"http:\/\/meteowhitehorse.ca\/\">Whitehorse Weather<\/a><\/li>\n<\/ul>\n<p>[\/vc_column_text][\/vc_column][vc_column width=&nbsp;&raquo;1\/2&Prime;][vc_column_text]<\/p>\n<h2>Conditions routi\u00e8res<\/h2>\n<ul>\n<li><a href=\"http:\/\/www.511yukon.ca\/\">Yukon road conditions<\/a><\/li>\n<li><a href=\"http:\/\/511.alaska.gov\/alaska511\/mappingcomponent\">Alaska road conditions<\/a><\/li>\n<\/ul>\n<p>&nbsp;<\/p>\n<h2>Autres ressources<\/h2>\n<p>&nbsp;<\/p>\n<ul>\n<li><a href=\"http:\/\/travelyukon.com\">Yukon Territory<\/a><\/li>\n<li><a href=\"https:\/\/www.visithaines.com\">Haines<\/a><\/li>\n<li><a href=\"http:\/\/www.skagway.com\/\">Skagway<\/a><\/li>\n<li><a href=\"http:\/\/www.travelalaska.com\/\">Alaska<\/a><\/li>\n<li><a href=\"https:\/\/accyukon.com\">Alpine Club of Canada Yukon Section<\/a><\/li>\n<li><a href=\"https:\/\/icefielddiscovery.com\">www.icefields.org<\/a><\/li>\n<li><a href=\"http:\/\/www.pc.gc.ca\/lhn-nhs\/yt\/chilkoot\/index.aspx\">Chilkoot Trail National Historic Site of Canada<\/a><\/li>\n<li><a href=\"http:\/\/www.nps.gov\/klgo\/index.htm\">Klondike Goldrush National and historical park<\/a><\/li>\n<li><a href=\"http:\/\/www.kiteyukon.com\/index.html\">Kite Yukon<\/a><\/li>\n<\/ul>\n<p>[\/vc_column_text][\/vc_column][\/vc_row]<\/p>\n<\/div>","protected":false},"excerpt":{"rendered":"<p>[vc_row][vc_column width=&nbsp;&raquo;1\/2&Prime;][vc_column_text] Avalanches Avalanche canada Haines Avalanche Center Yukon Avalanche Association More about avalanches : Avalanche.org Avalanche training \u00a0M\u00e9t\u00e9o Bulletin meteo route Haines Pass et de White Pass (en francais) Stations m\u00e9t\u00e9o du Yukon Stations m\u00e9t\u00e9o en Alaska Station m\u00e9t\u00e9o White Pass \u00a0Alaska (Cne Moore Bridge) precipitations SpotWX Bulletin m\u00e9t\u00e9o pour Skagway Webcam Alaska including&hellip;<\/p>\n","protected":false},"author":1,"featured_media":0,"parent":0,"menu_order":6,"comment_status":"closed","ping_status":"closed","template":"","meta":{"footnotes":""},"class_list":["post-3783","page","type-page","status-publish","hentry","description-off"],"yoast_head":"<!-- This site is optimized with the Yoast SEO plugin v24.5 - https:\/\/yoast.com\/wordpress\/plugins\/seo\/ -->\n<title>Liens utiles &#8211; Yukon Backcountry Skiing<\/title>\n<meta name=\"robots\" content=\"index, follow, max-snippet:-1, max-image-preview:large, max-video-preview:-1\" \/>\n<link rel=\"canonical\" href=\"https:\/\/yukonbackcountryskiing.com\/fr\/liens\/\" \/>\n<meta property=\"og:locale\" content=\"fr_FR\" \/>\n<meta property=\"og:type\" content=\"article\" \/>\n<meta property=\"og:title\" content=\"Liens utiles &#8211; Yukon Backcountry Skiing\" \/>\n<meta property=\"og:description\" content=\"[vc_row][vc_column width=&nbsp;&raquo;1\/2&Prime;][vc_column_text] Avalanches Avalanche canada Haines Avalanche Center Yukon Avalanche Association More about avalanches : Avalanche.org Avalanche training \u00a0M\u00e9t\u00e9o Bulletin meteo route Haines Pass et de White Pass (en francais) Stations m\u00e9t\u00e9o du Yukon Stations m\u00e9t\u00e9o en Alaska Station m\u00e9t\u00e9o White Pass \u00a0Alaska (Cne Moore Bridge) precipitations SpotWX Bulletin m\u00e9t\u00e9o pour Skagway Webcam Alaska including&hellip;\" \/>\n<meta property=\"og:url\" content=\"https:\/\/yukonbackcountryskiing.com\/fr\/liens\/\" \/>\n<meta property=\"og:site_name\" content=\"Yukon Backcountry Skiing\" \/>\n<meta property=\"article:publisher\" content=\"https:\/\/www.facebook.com\/yukonbackountryskiing.net\/\" \/>\n<meta property=\"article:modified_time\" content=\"2025-04-04T18:40:25+00:00\" \/>\n<meta property=\"og:image\" content=\"https:\/\/yukonbackcountryskiing.com\/wp-content\/uploads\/2018\/09\/YBS_Logo_HD.png\" \/>\n\t<meta property=\"og:image:width\" content=\"1047\" \/>\n\t<meta property=\"og:image:height\" content=\"596\" \/>\n\t<meta property=\"og:image:type\" content=\"image\/png\" \/>\n<meta name=\"twitter:card\" content=\"summary_large_image\" \/>\n<meta name=\"twitter:label1\" content=\"Dur\u00e9e de lecture estim\u00e9e\" \/>\n\t<meta name=\"twitter:data1\" content=\"1 minute\" \/>\n<script type=\"application\/ld+json\" class=\"yoast-schema-graph\">{\"@context\":\"https:\/\/schema.org\",\"@graph\":[{\"@type\":\"WebPage\",\"@id\":\"https:\/\/yukonbackcountryskiing.com\/fr\/liens\/\",\"url\":\"https:\/\/yukonbackcountryskiing.com\/fr\/liens\/\",\"name\":\"Liens utiles &#8211; Yukon Backcountry Skiing\",\"isPartOf\":{\"@id\":\"https:\/\/yukonbackcountryskiing.com\/#website\"},\"datePublished\":\"2011-12-20T04:58:53+00:00\",\"dateModified\":\"2025-04-04T18:40:25+00:00\",\"breadcrumb\":{\"@id\":\"https:\/\/yukonbackcountryskiing.com\/fr\/liens\/#breadcrumb\"},\"inLanguage\":\"fr-FR\",\"potentialAction\":[{\"@type\":\"ReadAction\",\"target\":[\"https:\/\/yukonbackcountryskiing.com\/fr\/liens\/\"]}]},{\"@type\":\"BreadcrumbList\",\"@id\":\"https:\/\/yukonbackcountryskiing.com\/fr\/liens\/#breadcrumb\",\"itemListElement\":[{\"@type\":\"ListItem\",\"position\":1,\"name\":\"Home\",\"item\":\"https:\/\/yukonbackcountryskiing.com\/fr\/\"},{\"@type\":\"ListItem\",\"position\":2,\"name\":\"Liens utiles\"}]},{\"@type\":\"WebSite\",\"@id\":\"https:\/\/yukonbackcountryskiing.com\/#website\",\"url\":\"https:\/\/yukonbackcountryskiing.com\/\",\"name\":\"Yukon Backcountry Skiing\",\"description\":\"\",\"publisher\":{\"@id\":\"https:\/\/yukonbackcountryskiing.com\/#organization\"},\"potentialAction\":[{\"@type\":\"SearchAction\",\"target\":{\"@type\":\"EntryPoint\",\"urlTemplate\":\"https:\/\/yukonbackcountryskiing.com\/?s={search_term_string}\"},\"query-input\":{\"@type\":\"PropertyValueSpecification\",\"valueRequired\":true,\"valueName\":\"search_term_string\"}}],\"inLanguage\":\"fr-FR\"},{\"@type\":\"Organization\",\"@id\":\"https:\/\/yukonbackcountryskiing.com\/#organization\",\"name\":\"Yukon Backcountry Skiing\",\"url\":\"https:\/\/yukonbackcountryskiing.com\/\",\"logo\":{\"@type\":\"ImageObject\",\"inLanguage\":\"fr-FR\",\"@id\":\"https:\/\/yukonbackcountryskiing.com\/#\/schema\/logo\/image\/\",\"url\":\"https:\/\/yukonbackcountryskiing.com\/wp-content\/uploads\/2018\/09\/YBS_Logo_HD.png\",\"contentUrl\":\"https:\/\/yukonbackcountryskiing.com\/wp-content\/uploads\/2018\/09\/YBS_Logo_HD.png\",\"width\":1047,\"height\":596,\"caption\":\"Yukon Backcountry Skiing\"},\"image\":{\"@id\":\"https:\/\/yukonbackcountryskiing.com\/#\/schema\/logo\/image\/\"},\"sameAs\":[\"https:\/\/www.facebook.com\/yukonbackountryskiing.net\/\",\"https:\/\/www.instagram.com\/yukonbackcountryskiing\/\",\"https:\/\/www.youtube.com\/channel\/UCAqyCMCadso5X1jKC8jvT5w\"]}]}<\/script>\n<!-- \/ Yoast SEO plugin. -->","yoast_head_json":{"title":"Liens utiles &#8211; Yukon Backcountry Skiing","robots":{"index":"index","follow":"follow","max-snippet":"max-snippet:-1","max-image-preview":"max-image-preview:large","max-video-preview":"max-video-preview:-1"},"canonical":"https:\/\/yukonbackcountryskiing.com\/fr\/liens\/","og_locale":"fr_FR","og_type":"article","og_title":"Liens utiles &#8211; Yukon Backcountry Skiing","og_description":"[vc_row][vc_column width=&nbsp;&raquo;1\/2&Prime;][vc_column_text] Avalanches Avalanche canada Haines Avalanche Center Yukon Avalanche Association More about avalanches : Avalanche.org Avalanche training \u00a0M\u00e9t\u00e9o Bulletin meteo route Haines Pass et de White Pass (en francais) Stations m\u00e9t\u00e9o du Yukon Stations m\u00e9t\u00e9o en Alaska Station m\u00e9t\u00e9o White Pass \u00a0Alaska (Cne Moore Bridge) precipitations SpotWX Bulletin m\u00e9t\u00e9o pour Skagway Webcam Alaska including&hellip;","og_url":"https:\/\/yukonbackcountryskiing.com\/fr\/liens\/","og_site_name":"Yukon Backcountry Skiing","article_publisher":"https:\/\/www.facebook.com\/yukonbackountryskiing.net\/","article_modified_time":"2025-04-04T18:40:25+00:00","og_image":[{"width":1047,"height":596,"url":"https:\/\/yukonbackcountryskiing.com\/wp-content\/uploads\/2018\/09\/YBS_Logo_HD.png","type":"image\/png"}],"twitter_card":"summary_large_image","twitter_misc":{"Dur\u00e9e de lecture estim\u00e9e":"1 minute"},"schema":{"@context":"https:\/\/schema.org","@graph":[{"@type":"WebPage","@id":"https:\/\/yukonbackcountryskiing.com\/fr\/liens\/","url":"https:\/\/yukonbackcountryskiing.com\/fr\/liens\/","name":"Liens utiles &#8211; Yukon Backcountry Skiing","isPartOf":{"@id":"https:\/\/yukonbackcountryskiing.com\/#website"},"datePublished":"2011-12-20T04:58:53+00:00","dateModified":"2025-04-04T18:40:25+00:00","breadcrumb":{"@id":"https:\/\/yukonbackcountryskiing.com\/fr\/liens\/#breadcrumb"},"inLanguage":"fr-FR","potentialAction":[{"@type":"ReadAction","target":["https:\/\/yukonbackcountryskiing.com\/fr\/liens\/"]}]},{"@type":"BreadcrumbList","@id":"https:\/\/yukonbackcountryskiing.com\/fr\/liens\/#breadcrumb","itemListElement":[{"@type":"ListItem","position":1,"name":"Home","item":"https:\/\/yukonbackcountryskiing.com\/fr\/"},{"@type":"ListItem","position":2,"name":"Liens utiles"}]},{"@type":"WebSite","@id":"https:\/\/yukonbackcountryskiing.com\/#website","url":"https:\/\/yukonbackcountryskiing.com\/","name":"Yukon Backcountry Skiing","description":"","publisher":{"@id":"https:\/\/yukonbackcountryskiing.com\/#organization"},"potentialAction":[{"@type":"SearchAction","target":{"@type":"EntryPoint","urlTemplate":"https:\/\/yukonbackcountryskiing.com\/?s={search_term_string}"},"query-input":{"@type":"PropertyValueSpecification","valueRequired":true,"valueName":"search_term_string"}}],"inLanguage":"fr-FR"},{"@type":"Organization","@id":"https:\/\/yukonbackcountryskiing.com\/#organization","name":"Yukon Backcountry Skiing","url":"https:\/\/yukonbackcountryskiing.com\/","logo":{"@type":"ImageObject","inLanguage":"fr-FR","@id":"https:\/\/yukonbackcountryskiing.com\/#\/schema\/logo\/image\/","url":"https:\/\/yukonbackcountryskiing.com\/wp-content\/uploads\/2018\/09\/YBS_Logo_HD.png","contentUrl":"https:\/\/yukonbackcountryskiing.com\/wp-content\/uploads\/2018\/09\/YBS_Logo_HD.png","width":1047,"height":596,"caption":"Yukon Backcountry Skiing"},"image":{"@id":"https:\/\/yukonbackcountryskiing.com\/#\/schema\/logo\/image\/"},"sameAs":["https:\/\/www.facebook.com\/yukonbackountryskiing.net\/","https:\/\/www.instagram.com\/yukonbackcountryskiing\/","https:\/\/www.youtube.com\/channel\/UCAqyCMCadso5X1jKC8jvT5w"]}]}},"_links":{"self":[{"href":"https:\/\/yukonbackcountryskiing.com\/fr\/wp-json\/wp\/v2\/pages\/3783","targetHints":{"allow":["GET"]}}],"collection":[{"href":"https:\/\/yukonbackcountryskiing.com\/fr\/wp-json\/wp\/v2\/pages"}],"about":[{"href":"https:\/\/yukonbackcountryskiing.com\/fr\/wp-json\/wp\/v2\/types\/page"}],"author":[{"embeddable":true,"href":"https:\/\/yukonbackcountryskiing.com\/fr\/wp-json\/wp\/v2\/users\/1"}],"replies":[{"embeddable":true,"href":"https:\/\/yukonbackcountryskiing.com\/fr\/wp-json\/wp\/v2\/comments?post=3783"}],"version-history":[{"count":2,"href":"https:\/\/yukonbackcountryskiing.com\/fr\/wp-json\/wp\/v2\/pages\/3783\/revisions"}],"predecessor-version":[{"id":17716,"href":"https:\/\/yukonbackcountryskiing.com\/fr\/wp-json\/wp\/v2\/pages\/3783\/revisions\/17716"}],"wp:attachment":[{"href":"https:\/\/yukonbackcountryskiing.com\/fr\/wp-json\/wp\/v2\/media?parent=3783"}],"curies":[{"name":"wp","href":"https:\/\/api.w.org\/{rel}","templated":true}]}}