{"id":3769,"date":"2018-09-20T12:10:14","date_gmt":"2018-09-20T19:10:14","guid":{"rendered":"http:\/\/yukonbackcountryskiing.com\/projects\/"},"modified":"2018-10-02T16:16:44","modified_gmt":"2018-10-02T23:16:44","slug":"projets","status":"publish","type":"page","link":"https:\/\/yukonbackcountryskiing.com\/fr\/projets\/","title":{"rendered":"Projets"},"content":{"rendered":"<div class=\"wpb-content-wrapper\"><p>[vc_row][vc_column width=&nbsp;&raquo;1\/2&Prime;][vc_single_image image=&nbsp;&raquo;3402&Prime; img_size=&nbsp;&raquo;full&nbsp;&raquo; css=&nbsp;&raquo;.vc_custom_1537487237476{margin-bottom: 2em !important;}&nbsp;&raquo;][\/vc_column][vc_column width=&nbsp;&raquo;1\/2&Prime;][vc_custom_heading text=&nbsp;&raquo;Oh les filles \u2013 le film&nbsp;&raquo; font_container=&nbsp;&raquo;tag:h1|text_align:left&nbsp;&raquo; use_theme_fonts=&nbsp;&raquo;yes&nbsp;&raquo;][vc_column_text]Apr\u00e8s la publication de mes 2 derniers livres, je ne pouvais pas rester sans projet bien longtemps. j\u2019ai particip\u00e9 \u00e0 plusieurs tournages, cela m\u2019a donn\u00e9 l\u2019envie d\u2019essayer de partager ma propre vision du ski de montagne au Yukon. Essayer d\u2019explorer les raisons qui me poussent \u00e0 sortir seul en montagne, mais aussi le bonheur de sortir avec mes filles et leur faire d\u00e9couvrir ce milieu sauvage que j\u2019aime tant.<\/p>\n<p>J\u2019ai eu aussi la chance de rencontrer Yannick KLEIN, un autre fran\u00e7ais vivant au Yukon,<br \/>\npassionn\u00e9 de vid\u00e9o, il m\u2019a aid\u00e9 \u00e0 d\u00e9marrer dans cette aventure.<\/p>\n<p>Le tournage a commenc\u00e9 en Janvier pour se terminer en Juillet. Pas chance, contrairement \u00e0 l\u2019Europe et au reste de l&rsquo;Am\u00e9rique du Nord, nous n\u2019avons pas eu un bel hiver au Yukon,l\u2019enneigement a \u00e9t\u00e9 m\u00e9diocre et les conditions de neige tr\u00e8s affect\u00e9 par le vent et les temp\u00e9ratures anormalement hautes. Mais nous avons quand m\u00eame r\u00e9ussi a sortir en montagne dans la cha\u00eene c\u00f4ti\u00e8re, entre Yukon et Alaska.<\/p>\n<p>Nous avons termin\u00e9 par une petite exp\u00e9dition dans le massif des Monts Saint Elias dans le parc national de Kluane, une grand premi\u00e8re pour les filles dans cet environnement exceptionnel, seulement accessible en \u00e9t\u00e9.<br \/>\nPour le tournage, nous avons ete aide par notre cousin Jerome, qui a aussi partag\u00e9 cette aventure avec nous.[\/vc_column_text][\/vc_column][\/vc_row][vc_row css=&nbsp;&raquo;.vc_custom_1538001948108{margin-top: 3em !important;margin-bottom: 3em !important;}&nbsp;&raquo;][vc_column][vc_custom_heading text=&nbsp;&raquo;L&rsquo;\u00e9quipe&nbsp;&raquo; font_container=&nbsp;&raquo;tag:h2|text_align:center&nbsp;&raquo; use_theme_fonts=&nbsp;&raquo;yes&nbsp;&raquo;][\/vc_column][\/vc_row][vc_row css=&nbsp;&raquo;.vc_custom_1538001948108{margin-top: 3em !important;margin-bottom: 3em !important;}&nbsp;&raquo;][vc_column width=&nbsp;&raquo;1\/3&Prime;][vc_column_text]<\/p>\n<h4>Claude Vallier, concepteur<\/h4>\n<p>Papa de Kiona et Heidi, originaire des Aravis, j\u2019ai grandi, v\u00e9cu et travaill\u00e9 en montagne. Nous vivons depuis 10 ans au Yukon ou j\u2019ai explorer et partager les meilleures itin\u00e9raires \u00e0 ski de rando. J\u2019ai notamment publi\u00e9 et \u00e9dit\u00e9 deux topo guide: <a href=\"http:\/\/yukonbackcountryskiing.com\/fr\/produit\/white-pass-a-ski\/\">White Pass \u00e0 ski<\/a> et <a href=\"http:\/\/yukonbackcountryskiing.com\/fr\/produit\/haines-pass-a-ski\/\">Haines Pass \u00e0 ski<\/a>.[\/vc_column_text][\/vc_column][vc_column width=&nbsp;&raquo;1\/3&Prime;][vc_column_text]<\/p>\n<h4>Kiona,<\/h4>\n<p>la grande fille, s\u00e9rieuse et appliqu\u00e9e. Sa passion c\u2019est le patinage artistique qu\u2019elle pratique assid\u00fbment 3 fois par semaine.[\/vc_column_text][\/vc_column][vc_column width=&nbsp;&raquo;1\/3&Prime;][vc_column_text]<\/p>\n<h4>Heidi,<\/h4>\n<p>l&rsquo;athl\u00e8te de la famille, super souple et avec un caract\u00e8re bien tremp\u00e9. Sa passion, c\u2019est le chant.[\/vc_column_text][\/vc_column][\/vc_row][vc_row css=&nbsp;&raquo;.vc_custom_1538001948108{margin-top: 3em !important;margin-bottom: 3em !important;}&nbsp;&raquo;][vc_column width=&nbsp;&raquo;1\/3&Prime;][vc_column_text]<\/p>\n<h4>Yannick KLEIN, cam\u00e9ra et montage<\/h4>\n<p>Tout comme moi, il a d\u00e9barqu\u00e9 au Yukon avec sa petite famille. Il poursuit ses r\u00eaves et tente de faire de sa passion pour la vid\u00e9o son activit\u00e9 principale. L&rsquo;id\u00e9e d\u2019un partenariat l\u2019a tout de suite s\u00e9duit.[\/vc_column_text][\/vc_column][vc_column width=&nbsp;&raquo;1\/3&Prime;][vc_column_text]<\/p>\n<h4>Jerome Dupraz, cam\u00e9ra et design<\/h4>\n<p>L\u2019esprit cr\u00e9atif et la bonne humeur. Jeune entrepreneur et co-cr\u00e9ateur du \u201cCollectif en huit lettres\u201d. J\u00e9r\u00f4me est un g\u00e9n\u00e9rateur de bonnes id\u00e9es.[\/vc_column_text][\/vc_column][vc_column width=&nbsp;&raquo;1\/3&Prime;][\/vc_column][\/vc_row][vc_row full_width=&nbsp;&raquo;stretch_row_content_no_spaces&nbsp;&raquo; css=&nbsp;&raquo;.vc_custom_1538002299616{margin-top: 5em !important;margin-bottom: 3em !important;}&nbsp;&raquo;][vc_column]<div id=\"ult-carousel-67141400369d78c09a6b17\" class=\"ult-carousel-wrapper   ult_full_width\" data-gutter=\"15\" data-rtl=\"false\" ><div class=\"ult-carousel-190589769869d78c09a69fa \" >[vc_single_image image=&nbsp;&raquo;3458&Prime; img_size=&nbsp;&raquo;full&nbsp;&raquo; alignment=&nbsp;&raquo;center&nbsp;&raquo; onclick=&nbsp;&raquo;custom_link&nbsp;&raquo; img_link_target=&nbsp;&raquo;_blank&nbsp;&raquo; link=&nbsp;&raquo;https:\/\/www.fixation-plum.com\/fr\/&nbsp;&raquo;][vc_single_image image=&nbsp;&raquo;3464&Prime; img_size=&nbsp;&raquo;full&nbsp;&raquo; alignment=&nbsp;&raquo;center&nbsp;&raquo; onclick=&nbsp;&raquo;custom_link&nbsp;&raquo; img_link_target=&nbsp;&raquo;_blank&nbsp;&raquo; link=&nbsp;&raquo;https:\/\/www.zagskis.com\/&nbsp;&raquo;][vc_single_image image=&nbsp;&raquo;3476&Prime; img_size=&nbsp;&raquo;full&nbsp;&raquo; alignment=&nbsp;&raquo;center&nbsp;&raquo; onclick=&nbsp;&raquo;custom_link&nbsp;&raquo; img_link_target=&nbsp;&raquo;_blank&nbsp;&raquo; link=&nbsp;&raquo;http:\/\/icefielddiscovery.com\/&nbsp;&raquo;][vc_single_image image=&nbsp;&raquo;3483&Prime; img_size=&nbsp;&raquo;full&nbsp;&raquo; alignment=&nbsp;&raquo;center&nbsp;&raquo; onclick=&nbsp;&raquo;custom_link&nbsp;&raquo; img_link_target=&nbsp;&raquo;_blank&nbsp;&raquo; link=&nbsp;&raquo;https:\/\/www.skookumbackcountry.com\/&nbsp;&raquo;][vc_single_image image=&nbsp;&raquo;3499&Prime; img_size=&nbsp;&raquo;full&nbsp;&raquo; alignment=&nbsp;&raquo;center&nbsp;&raquo; onclick=&nbsp;&raquo;custom_link&nbsp;&raquo; img_link_target=&nbsp;&raquo;_blank&nbsp;&raquo; link=&nbsp;&raquo;https:\/\/nicolasdory.com\/&nbsp;&raquo;][vc_single_image image=&nbsp;&raquo;3487&Prime; img_size=&nbsp;&raquo;full&nbsp;&raquo; alignment=&nbsp;&raquo;center&nbsp;&raquo; onclick=&nbsp;&raquo;custom_link&nbsp;&raquo; img_link_target=&nbsp;&raquo;_blank&nbsp;&raquo; link=&nbsp;&raquo;https:\/\/www.yukonbuilt.com\/&nbsp;&raquo;][vc_single_image image=&nbsp;&raquo;3493&Prime; img_size=&nbsp;&raquo;full&nbsp;&raquo; alignment=&nbsp;&raquo;center&nbsp;&raquo;][vc_single_image image=&nbsp;&raquo;3452&Prime; img_size=&nbsp;&raquo;full&nbsp;&raquo; alignment=&nbsp;&raquo;center&nbsp;&raquo; onclick=&nbsp;&raquo;custom_link&nbsp;&raquo; img_link_target=&nbsp;&raquo;_blank&nbsp;&raquo; link=&nbsp;&raquo;http:\/\/alayuk.com\/&nbsp;&raquo;]<\/div><\/div>\t\t\t<script type=\"text\/javascript\">\n\t\t\t\tjQuery(document).ready(function ($) {\n\t\t\t\t\tif( typeof jQuery('.ult-carousel-190589769869d78c09a69fa').slick == \"function\"){\n\t\t\t\t\t\t$('.ult-carousel-190589769869d78c09a69fa').slick({dots: false,autoplay: true,autoplaySpeed: \"5000\",speed: \"300\",infinite: true,arrows: true,nextArrow: '<button type=\"button\" role=\"button\" aria-label=\"Next\" style=\"color:#333333; font-size:20px;\" class=\"slick-next default\"><i class=\"ultsl-arrow-right4\"><\/i><\/button>',prevArrow: '<button type=\"button\" role=\"button\" aria-label=\"Previous\" style=\"color:#333333; font-size:20px;\" class=\"slick-prev default\"><i class=\"ultsl-arrow-left4\"><\/i><\/button>',slidesToScroll:5,slidesToShow:5,swipe: true,draggable: true,touchMove: true,pauseOnHover: true,pauseOnFocus: false,centerMode: true,responsive: [\n\t\t\t\t\t\t\t{\n\t\t\t\t\t\t\t  breakpoint: 1026,\n\t\t\t\t\t\t\t  settings: {\n\t\t\t\t\t\t\t\tslidesToShow: 5,\n\t\t\t\t\t\t\t\tslidesToScroll: 5,  \n\t\t\t\t\t\t\t  }\n\t\t\t\t\t\t\t},\n\t\t\t\t\t\t\t{\n\t\t\t\t\t\t\t  breakpoint: 1025,\n\t\t\t\t\t\t\t  settings: {\n\t\t\t\t\t\t\t\tslidesToShow: 3,\n\t\t\t\t\t\t\t\tslidesToScroll: 3\n\t\t\t\t\t\t\t  }\n\t\t\t\t\t\t\t},\n\t\t\t\t\t\t\t{\n\t\t\t\t\t\t\t  breakpoint: 760,\n\t\t\t\t\t\t\t  settings: {\n\t\t\t\t\t\t\t\tslidesToShow: 2,\n\t\t\t\t\t\t\t\tslidesToScroll: 2\n\t\t\t\t\t\t\t  }\n\t\t\t\t\t\t\t}\n\t\t\t\t\t\t],pauseOnDotsHover: true,customPaging: function(slider, i) {\n                   return '<i type=\"button\" style= \"color:#333333;\" class=\"ultsl-record\" data-role=\"none\"><\/i>';\n                },});\n\t\t\t\t\t}\n\t\t\t\t});\n\t\t\t<\/script>\n\t\t\t[\/vc_column][\/vc_row][vc_row][vc_column][vc_column_text]<\/p>\n<p><iframe width=\"1200\" height=\"675\" src=\"https:\/\/www.youtube.com\/embed\/jQdkMArwxRk?start=3&#038;feature=oembed\" frameborder=\"0\" allow=\"autoplay; encrypted-media\" allowfullscreen><\/iframe><\/p>\n<p>[\/vc_column_text]<div class=\"ult-content-box-container \" >\t\t<div class=\"ult-content-box\" style=\"background-color:#ededed;box-shadow: px px px px none;padding:20px;-webkit-transition: all 700ms ease;-moz-transition: all 700ms ease;-ms-transition: all 700ms ease;-o-transition: all 700ms ease;transition: all 700ms ease;\"  data-hover_box_shadow=\"none\"     data-bg=\"#ededed\" >[vc_column_text]<\/p>\n<h2>Remerciements<\/h2>\n<p>La cr\u00e9ation de ce petit film a \u00e9t\u00e9 une aventure en soit. Que de travail, que de temps passer derri\u00e8re un \u00e9cran d&rsquo;ordinateur. Mais, cela a aussi \u00e9t\u00e9 un projet familiale. En effet j,ai essayer d\u2019impliquer les filles un maximum, pas seulement pour le tournage, mais aussi dans le d\u00e9veloppement du projet et la conception. Je tiens \u00e0 remercier toutes celles et ceux qui nous ont aider a rendre ce projet possible.<\/p>\n<p>Bien sur, nos partenaires depuis longtemps, ZAG, PLUM, Terre de Montagne, Alayuk et Icefield Discovery.<\/p>\n<p>Merci a Yannick Klein de Yukan Productions, James Minifie de Skookum Backcountry Adventures et Yukon Built.<\/p>\n<p>Tous les contributeurs \u00e0 notre campagne de financement participatif.<\/p>\n<p>Merci aussi \u00e0 notre moustachu pr\u00e9f\u00e9r\u00e9, Enak, GAVAGGIO alias Rancho pour sa participation et son aide.<\/p>\n<p><em>Pas d&rsquo;inqui\u00e9tude pour l\u2019utilisation de l\u2019argent public. Contrairement \u00e0 de nombreux autres productions et produits, ce projet ainsi que ce site web n\u2019ont b\u00e9n\u00e9fici\u00e9 d\u2019aucun financement public de la part du gouvernement territorial ou f\u00e9d\u00e9ral.<\/em>[\/vc_column_text]\t\t<\/div><\/div>[\/vc_column][\/vc_row][vc_row full_width=&nbsp;&raquo;stretch_row_content_no_spaces&nbsp;&raquo; css=&nbsp;&raquo;.vc_custom_1537828579682{margin-top: 3em !important;}&nbsp;&raquo;][vc_column][vc_masonry_media_grid element_width=&nbsp;&raquo;3&Prime; gap=&nbsp;&raquo;1&Prime; grid_id=&nbsp;&raquo;vc_gid:1538522152574-0f293863-ff7e-9&Prime; include=&nbsp;&raquo;3505,3507,3509,3511,3513,3515,3517&Prime;][\/vc_column][\/vc_row]<\/p>\n<\/div>","protected":false},"excerpt":{"rendered":"<p>[vc_row][vc_column width=&nbsp;&raquo;1\/2&Prime;][vc_single_image image=&nbsp;&raquo;3402&Prime; img_size=&nbsp;&raquo;full&nbsp;&raquo; css=&nbsp;&raquo;.vc_custom_1537487237476{margin-bottom: 2em !important;}&nbsp;&raquo;][\/vc_column][vc_column width=&nbsp;&raquo;1\/2&Prime;][vc_custom_heading text=&nbsp;&raquo;Oh les filles \u2013 le film&nbsp;&raquo; font_container=&nbsp;&raquo;tag:h1|text_align:left&nbsp;&raquo; use_theme_fonts=&nbsp;&raquo;yes&nbsp;&raquo;][vc_column_text]Apr\u00e8s la publication de mes 2 derniers livres, je ne pouvais pas rester sans projet bien longtemps. j\u2019ai particip\u00e9 \u00e0 plusieurs tournages, cela m\u2019a donn\u00e9 l\u2019envie d\u2019essayer de partager ma propre vision du ski de montagne au Yukon. Essayer d\u2019explorer&hellip;<\/p>\n","protected":false},"author":1,"featured_media":0,"parent":0,"menu_order":4,"comment_status":"closed","ping_status":"closed","template":"","meta":{"footnotes":""},"class_list":["post-3769","page","type-page","status-publish","hentry","description-off"],"yoast_head":"<!-- This site is optimized with the Yoast SEO plugin v24.5 - https:\/\/yoast.com\/wordpress\/plugins\/seo\/ -->\n<title>Projets &#8211; Yukon Backcountry Skiing<\/title>\n<meta name=\"robots\" content=\"index, follow, max-snippet:-1, max-image-preview:large, max-video-preview:-1\" \/>\n<link rel=\"canonical\" href=\"https:\/\/yukonbackcountryskiing.com\/fr\/projets\/\" \/>\n<meta property=\"og:locale\" content=\"fr_FR\" \/>\n<meta property=\"og:type\" content=\"article\" \/>\n<meta property=\"og:title\" content=\"Projets &#8211; Yukon Backcountry Skiing\" \/>\n<meta property=\"og:description\" content=\"[vc_row][vc_column width=&nbsp;&raquo;1\/2&Prime;][vc_single_image image=&nbsp;&raquo;3402&Prime; img_size=&nbsp;&raquo;full&nbsp;&raquo; css=&nbsp;&raquo;.vc_custom_1537487237476{margin-bottom: 2em !important;}&nbsp;&raquo;][\/vc_column][vc_column width=&nbsp;&raquo;1\/2&Prime;][vc_custom_heading text=&nbsp;&raquo;Oh les filles \u2013 le film&nbsp;&raquo; font_container=&nbsp;&raquo;tag:h1|text_align:left&nbsp;&raquo; use_theme_fonts=&nbsp;&raquo;yes&nbsp;&raquo;][vc_column_text]Apr\u00e8s la publication de mes 2 derniers livres, je ne pouvais pas rester sans projet bien longtemps. j\u2019ai particip\u00e9 \u00e0 plusieurs tournages, cela m\u2019a donn\u00e9 l\u2019envie d\u2019essayer de partager ma propre vision du ski de montagne au Yukon. Essayer d\u2019explorer&hellip;\" \/>\n<meta property=\"og:url\" content=\"https:\/\/yukonbackcountryskiing.com\/fr\/projets\/\" \/>\n<meta property=\"og:site_name\" content=\"Yukon Backcountry Skiing\" \/>\n<meta property=\"article:publisher\" content=\"https:\/\/www.facebook.com\/yukonbackountryskiing.net\/\" \/>\n<meta property=\"article:modified_time\" content=\"2018-10-02T23:16:44+00:00\" \/>\n<meta property=\"og:image\" content=\"https:\/\/yukonbackcountryskiing.com\/wp-content\/uploads\/2018\/09\/YBS_Logo_HD.png\" \/>\n\t<meta property=\"og:image:width\" content=\"1047\" \/>\n\t<meta property=\"og:image:height\" content=\"596\" \/>\n\t<meta property=\"og:image:type\" content=\"image\/png\" \/>\n<meta name=\"twitter:card\" content=\"summary_large_image\" \/>\n<meta name=\"twitter:label1\" content=\"Dur\u00e9e de lecture estim\u00e9e\" \/>\n\t<meta name=\"twitter:data1\" content=\"5 minutes\" \/>\n<script type=\"application\/ld+json\" class=\"yoast-schema-graph\">{\"@context\":\"https:\/\/schema.org\",\"@graph\":[{\"@type\":\"WebPage\",\"@id\":\"https:\/\/yukonbackcountryskiing.com\/fr\/projets\/\",\"url\":\"https:\/\/yukonbackcountryskiing.com\/fr\/projets\/\",\"name\":\"Projets &#8211; Yukon Backcountry Skiing\",\"isPartOf\":{\"@id\":\"https:\/\/yukonbackcountryskiing.com\/#website\"},\"datePublished\":\"2018-09-20T19:10:14+00:00\",\"dateModified\":\"2018-10-02T23:16:44+00:00\",\"breadcrumb\":{\"@id\":\"https:\/\/yukonbackcountryskiing.com\/fr\/projets\/#breadcrumb\"},\"inLanguage\":\"fr-FR\",\"potentialAction\":[{\"@type\":\"ReadAction\",\"target\":[\"https:\/\/yukonbackcountryskiing.com\/fr\/projets\/\"]}]},{\"@type\":\"BreadcrumbList\",\"@id\":\"https:\/\/yukonbackcountryskiing.com\/fr\/projets\/#breadcrumb\",\"itemListElement\":[{\"@type\":\"ListItem\",\"position\":1,\"name\":\"Home\",\"item\":\"https:\/\/yukonbackcountryskiing.com\/fr\/\"},{\"@type\":\"ListItem\",\"position\":2,\"name\":\"Projets\"}]},{\"@type\":\"WebSite\",\"@id\":\"https:\/\/yukonbackcountryskiing.com\/#website\",\"url\":\"https:\/\/yukonbackcountryskiing.com\/\",\"name\":\"Yukon Backcountry Skiing\",\"description\":\"\",\"publisher\":{\"@id\":\"https:\/\/yukonbackcountryskiing.com\/#organization\"},\"potentialAction\":[{\"@type\":\"SearchAction\",\"target\":{\"@type\":\"EntryPoint\",\"urlTemplate\":\"https:\/\/yukonbackcountryskiing.com\/?s={search_term_string}\"},\"query-input\":{\"@type\":\"PropertyValueSpecification\",\"valueRequired\":true,\"valueName\":\"search_term_string\"}}],\"inLanguage\":\"fr-FR\"},{\"@type\":\"Organization\",\"@id\":\"https:\/\/yukonbackcountryskiing.com\/#organization\",\"name\":\"Yukon Backcountry Skiing\",\"url\":\"https:\/\/yukonbackcountryskiing.com\/\",\"logo\":{\"@type\":\"ImageObject\",\"inLanguage\":\"fr-FR\",\"@id\":\"https:\/\/yukonbackcountryskiing.com\/#\/schema\/logo\/image\/\",\"url\":\"https:\/\/yukonbackcountryskiing.com\/wp-content\/uploads\/2018\/09\/YBS_Logo_HD.png\",\"contentUrl\":\"https:\/\/yukonbackcountryskiing.com\/wp-content\/uploads\/2018\/09\/YBS_Logo_HD.png\",\"width\":1047,\"height\":596,\"caption\":\"Yukon Backcountry Skiing\"},\"image\":{\"@id\":\"https:\/\/yukonbackcountryskiing.com\/#\/schema\/logo\/image\/\"},\"sameAs\":[\"https:\/\/www.facebook.com\/yukonbackountryskiing.net\/\",\"https:\/\/www.instagram.com\/yukonbackcountryskiing\/\",\"https:\/\/www.youtube.com\/channel\/UCAqyCMCadso5X1jKC8jvT5w\"]}]}<\/script>\n<!-- \/ Yoast SEO plugin. -->","yoast_head_json":{"title":"Projets &#8211; Yukon Backcountry Skiing","robots":{"index":"index","follow":"follow","max-snippet":"max-snippet:-1","max-image-preview":"max-image-preview:large","max-video-preview":"max-video-preview:-1"},"canonical":"https:\/\/yukonbackcountryskiing.com\/fr\/projets\/","og_locale":"fr_FR","og_type":"article","og_title":"Projets &#8211; Yukon Backcountry Skiing","og_description":"[vc_row][vc_column width=&nbsp;&raquo;1\/2&Prime;][vc_single_image image=&nbsp;&raquo;3402&Prime; img_size=&nbsp;&raquo;full&nbsp;&raquo; css=&nbsp;&raquo;.vc_custom_1537487237476{margin-bottom: 2em !important;}&nbsp;&raquo;][\/vc_column][vc_column width=&nbsp;&raquo;1\/2&Prime;][vc_custom_heading text=&nbsp;&raquo;Oh les filles \u2013 le film&nbsp;&raquo; font_container=&nbsp;&raquo;tag:h1|text_align:left&nbsp;&raquo; use_theme_fonts=&nbsp;&raquo;yes&nbsp;&raquo;][vc_column_text]Apr\u00e8s la publication de mes 2 derniers livres, je ne pouvais pas rester sans projet bien longtemps. j\u2019ai particip\u00e9 \u00e0 plusieurs tournages, cela m\u2019a donn\u00e9 l\u2019envie d\u2019essayer de partager ma propre vision du ski de montagne au Yukon. Essayer d\u2019explorer&hellip;","og_url":"https:\/\/yukonbackcountryskiing.com\/fr\/projets\/","og_site_name":"Yukon Backcountry Skiing","article_publisher":"https:\/\/www.facebook.com\/yukonbackountryskiing.net\/","article_modified_time":"2018-10-02T23:16:44+00:00","og_image":[{"width":1047,"height":596,"url":"https:\/\/yukonbackcountryskiing.com\/wp-content\/uploads\/2018\/09\/YBS_Logo_HD.png","type":"image\/png"}],"twitter_card":"summary_large_image","twitter_misc":{"Dur\u00e9e de lecture estim\u00e9e":"5 minutes"},"schema":{"@context":"https:\/\/schema.org","@graph":[{"@type":"WebPage","@id":"https:\/\/yukonbackcountryskiing.com\/fr\/projets\/","url":"https:\/\/yukonbackcountryskiing.com\/fr\/projets\/","name":"Projets &#8211; Yukon Backcountry Skiing","isPartOf":{"@id":"https:\/\/yukonbackcountryskiing.com\/#website"},"datePublished":"2018-09-20T19:10:14+00:00","dateModified":"2018-10-02T23:16:44+00:00","breadcrumb":{"@id":"https:\/\/yukonbackcountryskiing.com\/fr\/projets\/#breadcrumb"},"inLanguage":"fr-FR","potentialAction":[{"@type":"ReadAction","target":["https:\/\/yukonbackcountryskiing.com\/fr\/projets\/"]}]},{"@type":"BreadcrumbList","@id":"https:\/\/yukonbackcountryskiing.com\/fr\/projets\/#breadcrumb","itemListElement":[{"@type":"ListItem","position":1,"name":"Home","item":"https:\/\/yukonbackcountryskiing.com\/fr\/"},{"@type":"ListItem","position":2,"name":"Projets"}]},{"@type":"WebSite","@id":"https:\/\/yukonbackcountryskiing.com\/#website","url":"https:\/\/yukonbackcountryskiing.com\/","name":"Yukon Backcountry Skiing","description":"","publisher":{"@id":"https:\/\/yukonbackcountryskiing.com\/#organization"},"potentialAction":[{"@type":"SearchAction","target":{"@type":"EntryPoint","urlTemplate":"https:\/\/yukonbackcountryskiing.com\/?s={search_term_string}"},"query-input":{"@type":"PropertyValueSpecification","valueRequired":true,"valueName":"search_term_string"}}],"inLanguage":"fr-FR"},{"@type":"Organization","@id":"https:\/\/yukonbackcountryskiing.com\/#organization","name":"Yukon Backcountry Skiing","url":"https:\/\/yukonbackcountryskiing.com\/","logo":{"@type":"ImageObject","inLanguage":"fr-FR","@id":"https:\/\/yukonbackcountryskiing.com\/#\/schema\/logo\/image\/","url":"https:\/\/yukonbackcountryskiing.com\/wp-content\/uploads\/2018\/09\/YBS_Logo_HD.png","contentUrl":"https:\/\/yukonbackcountryskiing.com\/wp-content\/uploads\/2018\/09\/YBS_Logo_HD.png","width":1047,"height":596,"caption":"Yukon Backcountry Skiing"},"image":{"@id":"https:\/\/yukonbackcountryskiing.com\/#\/schema\/logo\/image\/"},"sameAs":["https:\/\/www.facebook.com\/yukonbackountryskiing.net\/","https:\/\/www.instagram.com\/yukonbackcountryskiing\/","https:\/\/www.youtube.com\/channel\/UCAqyCMCadso5X1jKC8jvT5w"]}]}},"_links":{"self":[{"href":"https:\/\/yukonbackcountryskiing.com\/fr\/wp-json\/wp\/v2\/pages\/3769","targetHints":{"allow":["GET"]}}],"collection":[{"href":"https:\/\/yukonbackcountryskiing.com\/fr\/wp-json\/wp\/v2\/pages"}],"about":[{"href":"https:\/\/yukonbackcountryskiing.com\/fr\/wp-json\/wp\/v2\/types\/page"}],"author":[{"embeddable":true,"href":"https:\/\/yukonbackcountryskiing.com\/fr\/wp-json\/wp\/v2\/users\/1"}],"replies":[{"embeddable":true,"href":"https:\/\/yukonbackcountryskiing.com\/fr\/wp-json\/wp\/v2\/comments?post=3769"}],"version-history":[{"count":0,"href":"https:\/\/yukonbackcountryskiing.com\/fr\/wp-json\/wp\/v2\/pages\/3769\/revisions"}],"wp:attachment":[{"href":"https:\/\/yukonbackcountryskiing.com\/fr\/wp-json\/wp\/v2\/media?parent=3769"}],"curies":[{"name":"wp","href":"https:\/\/api.w.org\/{rel}","templated":true}]}}