{"id":3761,"date":"2011-04-08T20:04:31","date_gmt":"2011-04-09T03:04:31","guid":{"rendered":"http:\/\/yukonbackcountryskiing.com\/books\/"},"modified":"2018-09-26T15:19:19","modified_gmt":"2018-09-26T22:19:19","slug":"livres","status":"publish","type":"page","link":"https:\/\/yukonbackcountryskiing.com\/fr\/livres\/","title":{"rendered":"Livres"},"content":{"rendered":"<div class=\"wpb-content-wrapper\"><p>[vc_row][vc_column][vc_custom_heading text=&nbsp;&raquo;Pour pr\u00e9parer vos aventures \u00e0 ski au Yukon, deux topoguides sont d\u00e9sormais disponibles \u00e0 la vente en ligne!&nbsp;&raquo; font_container=&nbsp;&raquo;tag:h2|text_align:center&nbsp;&raquo; use_theme_fonts=&nbsp;&raquo;yes&nbsp;&raquo; css=&nbsp;&raquo;.vc_custom_1538000340011{margin-bottom: 3em !important;}&nbsp;&raquo;]<style type=\"text\/css\" data-type=\"the7_shortcodes-inline-css\">.products-shortcode.products-masonry-shortcode-id-22e8497b4cbd21e3c84bed418681c3b9 .filter-bg-decoration .filter-categories a.act {\n  color: #fff;\n}\n.products-shortcode.products-masonry-shortcode-id-22e8497b4cbd21e3c84bed418681c3b9:not(.resize-by-browser-width) .dt-css-grid {\n  grid-row-gap: 30px;\n  grid-column-gap: 30px;\n  grid-template-columns: repeat(auto-fill,minmax(,1fr));\n}\n.cssgridlegacy.no-cssgrid .products-shortcode.products-masonry-shortcode-id-22e8497b4cbd21e3c84bed418681c3b9:not(.resize-by-browser-width) .dt-css-grid,\n.no-cssgridlegacy.no-cssgrid .products-shortcode.products-masonry-shortcode-id-22e8497b4cbd21e3c84bed418681c3b9:not(.resize-by-browser-width) .dt-css-grid {\n  display: flex;\n  flex-flow: row wrap;\n  margin: -15px;\n}\n.cssgridlegacy.no-cssgrid .products-shortcode.products-masonry-shortcode-id-22e8497b4cbd21e3c84bed418681c3b9:not(.resize-by-browser-width) .dt-css-grid .wf-cell,\n.no-cssgridlegacy.no-cssgrid .products-shortcode.products-masonry-shortcode-id-22e8497b4cbd21e3c84bed418681c3b9:not(.resize-by-browser-width) .dt-css-grid .wf-cell {\n  flex: 1 0 ;\n  max-width: 100%;\n  padding: 15px;\n  box-sizing: border-box;\n}\n.products-shortcode.products-masonry-shortcode-id-22e8497b4cbd21e3c84bed418681c3b9.resize-by-browser-width .dt-css-grid {\n  grid-template-columns: repeat(3,1fr);\n  grid-template-rows: auto;\n  grid-column-gap: 30px;\n  grid-row-gap: 30px;\n}\n.cssgridlegacy.no-cssgrid .products-shortcode.products-masonry-shortcode-id-22e8497b4cbd21e3c84bed418681c3b9.resize-by-browser-width .dt-css-grid,\n.no-cssgridlegacy.no-cssgrid .products-shortcode.products-masonry-shortcode-id-22e8497b4cbd21e3c84bed418681c3b9.resize-by-browser-width .dt-css-grid {\n  margin: -15px;\n}\n.cssgridlegacy.no-cssgrid .products-shortcode.products-masonry-shortcode-id-22e8497b4cbd21e3c84bed418681c3b9.resize-by-browser-width .dt-css-grid .wf-cell,\n.no-cssgridlegacy.no-cssgrid .products-shortcode.products-masonry-shortcode-id-22e8497b4cbd21e3c84bed418681c3b9.resize-by-browser-width .dt-css-grid .wf-cell {\n  width: 33.333333333333%;\n  padding: 15px;\n}\n@media screen and (max-width: 1199px) {\n  .products-shortcode.products-masonry-shortcode-id-22e8497b4cbd21e3c84bed418681c3b9.resize-by-browser-width .dt-css-grid {\n    grid-template-columns: repeat(3,1fr);\n  }\n  .cssgridlegacy.no-cssgrid .products-shortcode.products-masonry-shortcode-id-22e8497b4cbd21e3c84bed418681c3b9.resize-by-browser-width .dt-css-grid .wf-cell,\n  .no-cssgridlegacy.no-cssgrid .products-shortcode.products-masonry-shortcode-id-22e8497b4cbd21e3c84bed418681c3b9.resize-by-browser-width .dt-css-grid .wf-cell {\n    width: 33.333333333333%;\n  }\n}\n@media screen and (max-width: 991px) {\n  .products-shortcode.products-masonry-shortcode-id-22e8497b4cbd21e3c84bed418681c3b9.resize-by-browser-width .dt-css-grid {\n    grid-template-columns: repeat(2,1fr);\n  }\n  .cssgridlegacy.no-cssgrid .products-shortcode.products-masonry-shortcode-id-22e8497b4cbd21e3c84bed418681c3b9.resize-by-browser-width .dt-css-grid .wf-cell,\n  .no-cssgridlegacy.no-cssgrid .products-shortcode.products-masonry-shortcode-id-22e8497b4cbd21e3c84bed418681c3b9.resize-by-browser-width .dt-css-grid .wf-cell {\n    width: 50%;\n  }\n}\n@media screen and (max-width: 767px) {\n  .products-shortcode.products-masonry-shortcode-id-22e8497b4cbd21e3c84bed418681c3b9.resize-by-browser-width .dt-css-grid {\n    grid-template-columns: repeat(1,1fr);\n  }\n  .cssgridlegacy.no-cssgrid .products-shortcode.products-masonry-shortcode-id-22e8497b4cbd21e3c84bed418681c3b9.resize-by-browser-width .dt-css-grid .wf-cell,\n  .no-cssgridlegacy.no-cssgrid .products-shortcode.products-masonry-shortcode-id-22e8497b4cbd21e3c84bed418681c3b9.resize-by-browser-width .dt-css-grid .wf-cell {\n    width: 100%;\n  }\n}\n<\/style><div class=\"products-shortcode products-masonry-shortcode-id-22e8497b4cbd21e3c84bed418681c3b9 mode-grid cart-btn-below-img hide-description hide-rating jquery-filter wc-img-hover dt-css-grid-wrap resize-by-browser-width loading-effect-none description-under-image content-align-centre\" data-padding=\"15px\" data-cur-page=\"1\" data-post-limit=\"-1\" data-pagination-mode=\"none\" data-desktop-columns-num=\"3\" data-v-tablet-columns-num=\"2\" data-h-tablet-columns-num=\"3\" data-phone-columns-num=\"1\" data-width=\"0px\" data-columns=\"0\"><div class=\"dt-css-grid\" ><div class=\"visible wf-cell visible\" data-post-id=\"3810\" data-date=\"2018-09-27T09:36:59-07:00\" data-name=\"Haines Pass \u00e0 ski\"><article class=\"post project-odd visible description-off product type-product post-3810 status-publish first instock product_cat-books-fr has-post-thumbnail featured shipping-taxable purchasable product-type-simple\" ><figure class=\"woocom-project\">\n\t<div class=\"woo-buttons-on-img\">\n\n\t\t<a href=\"https:\/\/yukonbackcountryskiing.com\/fr\/produit\/haines-pass-a-ski\/\" class=\"alignnone layzr-bg\"><img decoding=\"async\" width=\"300\" height=\"445\" src=\"data:image\/svg+xml;charset=utf-8,%3Csvg xmlns%3D&#039;http%3A%2F%2Fwww.w3.org%2F2000%2Fsvg&#039; viewBox%3D&#039;0 0 300 445&#039;%2F%3E\" class=\"attachment-woocommerce_thumbnail size-woocommerce_thumbnail iso-lazy-load preload-me\" alt=\"Livre: Haines Pass Backcountry Skiing\" data-src=\"https:\/\/yukonbackcountryskiing.com\/wp-content\/uploads\/2018\/09\/Haines_Pass_Backcountry_Skiing_FR-300x445.jpg\" data-srcset=\"https:\/\/yukonbackcountryskiing.com\/wp-content\/uploads\/2018\/09\/Haines_Pass_Backcountry_Skiing_FR-300x445.jpg 300w, https:\/\/yukonbackcountryskiing.com\/wp-content\/uploads\/2018\/09\/Haines_Pass_Backcountry_Skiing_FR-202x300.jpg 202w, https:\/\/yukonbackcountryskiing.com\/wp-content\/uploads\/2018\/09\/Haines_Pass_Backcountry_Skiing_FR.jpg 539w\" \/><\/a>\n\t<\/div>\n\t<figcaption class=\"woocom-list-content\">\n\n\t\t<div class=\"star-rating\" role=\"img\" aria-label=\"Note 5.00 sur 5\"><span style=\"width:100%\">Note <strong class=\"rating\">5.00<\/strong> sur 5<\/span><\/div><div class=\"woo-buttons\"><a href=\"?add-to-cart=3810\" aria-describedby=\"woocommerce_loop_add_to_cart_link_describedby_3810\" data-quantity=\"1\" class=\"product_type_simple add_to_cart_button ajax_add_to_cart\" data-product_id=\"3810\" data-product_sku=\"\" aria-label=\"Ajouter au panier\u00a0: &ldquo;Haines Pass \u00e0 ski&rdquo;\" rel=\"nofollow\" data-success_message=\"\u00ab\u00a0Haines Pass \u00e0 ski\u00a0\u00bb a \u00e9t\u00e9 ajout\u00e9 \u00e0 votre panier\">Ajouter au panier<\/a>\t<span id=\"woocommerce_loop_add_to_cart_link_describedby_3810\" class=\"screen-reader-text\">\n\t\t\t<\/span>\n<\/div>\n\t<\/figcaption>\n<\/figure>\n<\/article><\/div><\/div><!-- iso-container|iso-grid --><\/div>[\/vc_column][\/vc_row]<\/p>\n<\/div>","protected":false},"excerpt":{"rendered":"<p>[vc_row][vc_column][vc_custom_heading text=&nbsp;&raquo;Pour pr\u00e9parer vos aventures \u00e0 ski au Yukon, deux topoguides sont d\u00e9sormais disponibles \u00e0 la vente en ligne!&nbsp;&raquo; font_container=&nbsp;&raquo;tag:h2|text_align:center&nbsp;&raquo; use_theme_fonts=&nbsp;&raquo;yes&nbsp;&raquo; css=&nbsp;&raquo;.vc_custom_1538000340011{margin-bottom: 3em !important;}&nbsp;&raquo;][\/vc_column][\/vc_row]<\/p>\n","protected":false},"author":1,"featured_media":0,"parent":0,"menu_order":3,"comment_status":"closed","ping_status":"closed","template":"","meta":{"footnotes":""},"class_list":["post-3761","page","type-page","status-publish","hentry","description-off"],"yoast_head":"<!-- This site is optimized with the Yoast SEO plugin v24.5 - https:\/\/yoast.com\/wordpress\/plugins\/seo\/ -->\n<title>Livres &#8211; Yukon Backcountry Skiing<\/title>\n<meta name=\"robots\" content=\"index, follow, max-snippet:-1, max-image-preview:large, max-video-preview:-1\" \/>\n<link rel=\"canonical\" href=\"https:\/\/yukonbackcountryskiing.com\/fr\/livres\/\" \/>\n<meta property=\"og:locale\" content=\"fr_FR\" \/>\n<meta property=\"og:type\" content=\"article\" \/>\n<meta property=\"og:title\" content=\"Livres &#8211; Yukon Backcountry Skiing\" \/>\n<meta property=\"og:description\" content=\"[vc_row][vc_column][vc_custom_heading text=&nbsp;&raquo;Pour pr\u00e9parer vos aventures \u00e0 ski au Yukon, deux topoguides sont d\u00e9sormais disponibles \u00e0 la vente en ligne!&nbsp;&raquo; font_container=&nbsp;&raquo;tag:h2|text_align:center&nbsp;&raquo; use_theme_fonts=&nbsp;&raquo;yes&nbsp;&raquo; css=&nbsp;&raquo;.vc_custom_1538000340011{margin-bottom: 3em !important;}&nbsp;&raquo;][\/vc_column][\/vc_row]\" \/>\n<meta property=\"og:url\" content=\"https:\/\/yukonbackcountryskiing.com\/fr\/livres\/\" \/>\n<meta property=\"og:site_name\" content=\"Yukon Backcountry Skiing\" \/>\n<meta property=\"article:publisher\" content=\"https:\/\/www.facebook.com\/yukonbackountryskiing.net\/\" \/>\n<meta property=\"article:modified_time\" content=\"2018-09-26T22:19:19+00:00\" \/>\n<meta property=\"og:image\" content=\"https:\/\/yukonbackcountryskiing.com\/wp-content\/uploads\/2018\/09\/YBS_Logo_HD.png\" \/>\n\t<meta property=\"og:image:width\" content=\"1047\" \/>\n\t<meta property=\"og:image:height\" content=\"596\" \/>\n\t<meta property=\"og:image:type\" content=\"image\/png\" \/>\n<meta name=\"twitter:card\" content=\"summary_large_image\" \/>\n<script type=\"application\/ld+json\" class=\"yoast-schema-graph\">{\"@context\":\"https:\/\/schema.org\",\"@graph\":[{\"@type\":\"WebPage\",\"@id\":\"https:\/\/yukonbackcountryskiing.com\/fr\/livres\/\",\"url\":\"https:\/\/yukonbackcountryskiing.com\/fr\/livres\/\",\"name\":\"Livres &#8211; Yukon Backcountry Skiing\",\"isPartOf\":{\"@id\":\"https:\/\/yukonbackcountryskiing.com\/#website\"},\"datePublished\":\"2011-04-09T03:04:31+00:00\",\"dateModified\":\"2018-09-26T22:19:19+00:00\",\"breadcrumb\":{\"@id\":\"https:\/\/yukonbackcountryskiing.com\/fr\/livres\/#breadcrumb\"},\"inLanguage\":\"fr-FR\",\"potentialAction\":[{\"@type\":\"ReadAction\",\"target\":[\"https:\/\/yukonbackcountryskiing.com\/fr\/livres\/\"]}]},{\"@type\":\"BreadcrumbList\",\"@id\":\"https:\/\/yukonbackcountryskiing.com\/fr\/livres\/#breadcrumb\",\"itemListElement\":[{\"@type\":\"ListItem\",\"position\":1,\"name\":\"Home\",\"item\":\"https:\/\/yukonbackcountryskiing.com\/fr\/\"},{\"@type\":\"ListItem\",\"position\":2,\"name\":\"Livres\"}]},{\"@type\":\"WebSite\",\"@id\":\"https:\/\/yukonbackcountryskiing.com\/#website\",\"url\":\"https:\/\/yukonbackcountryskiing.com\/\",\"name\":\"Yukon Backcountry Skiing\",\"description\":\"\",\"publisher\":{\"@id\":\"https:\/\/yukonbackcountryskiing.com\/#organization\"},\"potentialAction\":[{\"@type\":\"SearchAction\",\"target\":{\"@type\":\"EntryPoint\",\"urlTemplate\":\"https:\/\/yukonbackcountryskiing.com\/?s={search_term_string}\"},\"query-input\":{\"@type\":\"PropertyValueSpecification\",\"valueRequired\":true,\"valueName\":\"search_term_string\"}}],\"inLanguage\":\"fr-FR\"},{\"@type\":\"Organization\",\"@id\":\"https:\/\/yukonbackcountryskiing.com\/#organization\",\"name\":\"Yukon Backcountry Skiing\",\"url\":\"https:\/\/yukonbackcountryskiing.com\/\",\"logo\":{\"@type\":\"ImageObject\",\"inLanguage\":\"fr-FR\",\"@id\":\"https:\/\/yukonbackcountryskiing.com\/#\/schema\/logo\/image\/\",\"url\":\"https:\/\/yukonbackcountryskiing.com\/wp-content\/uploads\/2018\/09\/YBS_Logo_HD.png\",\"contentUrl\":\"https:\/\/yukonbackcountryskiing.com\/wp-content\/uploads\/2018\/09\/YBS_Logo_HD.png\",\"width\":1047,\"height\":596,\"caption\":\"Yukon Backcountry Skiing\"},\"image\":{\"@id\":\"https:\/\/yukonbackcountryskiing.com\/#\/schema\/logo\/image\/\"},\"sameAs\":[\"https:\/\/www.facebook.com\/yukonbackountryskiing.net\/\",\"https:\/\/www.instagram.com\/yukonbackcountryskiing\/\",\"https:\/\/www.youtube.com\/channel\/UCAqyCMCadso5X1jKC8jvT5w\"]}]}<\/script>\n<!-- \/ Yoast SEO plugin. -->","yoast_head_json":{"title":"Livres &#8211; Yukon Backcountry Skiing","robots":{"index":"index","follow":"follow","max-snippet":"max-snippet:-1","max-image-preview":"max-image-preview:large","max-video-preview":"max-video-preview:-1"},"canonical":"https:\/\/yukonbackcountryskiing.com\/fr\/livres\/","og_locale":"fr_FR","og_type":"article","og_title":"Livres &#8211; Yukon Backcountry Skiing","og_description":"[vc_row][vc_column][vc_custom_heading text=&nbsp;&raquo;Pour pr\u00e9parer vos aventures \u00e0 ski au Yukon, deux topoguides sont d\u00e9sormais disponibles \u00e0 la vente en ligne!&nbsp;&raquo; font_container=&nbsp;&raquo;tag:h2|text_align:center&nbsp;&raquo; use_theme_fonts=&nbsp;&raquo;yes&nbsp;&raquo; css=&nbsp;&raquo;.vc_custom_1538000340011{margin-bottom: 3em !important;}&nbsp;&raquo;][\/vc_column][\/vc_row]","og_url":"https:\/\/yukonbackcountryskiing.com\/fr\/livres\/","og_site_name":"Yukon Backcountry Skiing","article_publisher":"https:\/\/www.facebook.com\/yukonbackountryskiing.net\/","article_modified_time":"2018-09-26T22:19:19+00:00","og_image":[{"width":1047,"height":596,"url":"https:\/\/yukonbackcountryskiing.com\/wp-content\/uploads\/2018\/09\/YBS_Logo_HD.png","type":"image\/png"}],"twitter_card":"summary_large_image","schema":{"@context":"https:\/\/schema.org","@graph":[{"@type":"WebPage","@id":"https:\/\/yukonbackcountryskiing.com\/fr\/livres\/","url":"https:\/\/yukonbackcountryskiing.com\/fr\/livres\/","name":"Livres &#8211; Yukon Backcountry Skiing","isPartOf":{"@id":"https:\/\/yukonbackcountryskiing.com\/#website"},"datePublished":"2011-04-09T03:04:31+00:00","dateModified":"2018-09-26T22:19:19+00:00","breadcrumb":{"@id":"https:\/\/yukonbackcountryskiing.com\/fr\/livres\/#breadcrumb"},"inLanguage":"fr-FR","potentialAction":[{"@type":"ReadAction","target":["https:\/\/yukonbackcountryskiing.com\/fr\/livres\/"]}]},{"@type":"BreadcrumbList","@id":"https:\/\/yukonbackcountryskiing.com\/fr\/livres\/#breadcrumb","itemListElement":[{"@type":"ListItem","position":1,"name":"Home","item":"https:\/\/yukonbackcountryskiing.com\/fr\/"},{"@type":"ListItem","position":2,"name":"Livres"}]},{"@type":"WebSite","@id":"https:\/\/yukonbackcountryskiing.com\/#website","url":"https:\/\/yukonbackcountryskiing.com\/","name":"Yukon Backcountry Skiing","description":"","publisher":{"@id":"https:\/\/yukonbackcountryskiing.com\/#organization"},"potentialAction":[{"@type":"SearchAction","target":{"@type":"EntryPoint","urlTemplate":"https:\/\/yukonbackcountryskiing.com\/?s={search_term_string}"},"query-input":{"@type":"PropertyValueSpecification","valueRequired":true,"valueName":"search_term_string"}}],"inLanguage":"fr-FR"},{"@type":"Organization","@id":"https:\/\/yukonbackcountryskiing.com\/#organization","name":"Yukon Backcountry Skiing","url":"https:\/\/yukonbackcountryskiing.com\/","logo":{"@type":"ImageObject","inLanguage":"fr-FR","@id":"https:\/\/yukonbackcountryskiing.com\/#\/schema\/logo\/image\/","url":"https:\/\/yukonbackcountryskiing.com\/wp-content\/uploads\/2018\/09\/YBS_Logo_HD.png","contentUrl":"https:\/\/yukonbackcountryskiing.com\/wp-content\/uploads\/2018\/09\/YBS_Logo_HD.png","width":1047,"height":596,"caption":"Yukon Backcountry Skiing"},"image":{"@id":"https:\/\/yukonbackcountryskiing.com\/#\/schema\/logo\/image\/"},"sameAs":["https:\/\/www.facebook.com\/yukonbackountryskiing.net\/","https:\/\/www.instagram.com\/yukonbackcountryskiing\/","https:\/\/www.youtube.com\/channel\/UCAqyCMCadso5X1jKC8jvT5w"]}]}},"_links":{"self":[{"href":"https:\/\/yukonbackcountryskiing.com\/fr\/wp-json\/wp\/v2\/pages\/3761","targetHints":{"allow":["GET"]}}],"collection":[{"href":"https:\/\/yukonbackcountryskiing.com\/fr\/wp-json\/wp\/v2\/pages"}],"about":[{"href":"https:\/\/yukonbackcountryskiing.com\/fr\/wp-json\/wp\/v2\/types\/page"}],"author":[{"embeddable":true,"href":"https:\/\/yukonbackcountryskiing.com\/fr\/wp-json\/wp\/v2\/users\/1"}],"replies":[{"embeddable":true,"href":"https:\/\/yukonbackcountryskiing.com\/fr\/wp-json\/wp\/v2\/comments?post=3761"}],"version-history":[{"count":0,"href":"https:\/\/yukonbackcountryskiing.com\/fr\/wp-json\/wp\/v2\/pages\/3761\/revisions"}],"wp:attachment":[{"href":"https:\/\/yukonbackcountryskiing.com\/fr\/wp-json\/wp\/v2\/media?parent=3761"}],"curies":[{"name":"wp","href":"https:\/\/api.w.org\/{rel}","templated":true}]}}